{"id":7132,"date":"2017-06-14T16:33:45","date_gmt":"2017-06-14T14:33:45","guid":{"rendered":"https:\/\/www.generaldies.com\/dienstleistungen\/dienstleistungen-und-wartung\/"},"modified":"2017-06-14T16:33:45","modified_gmt":"2017-06-14T14:33:45","slug":"dienstleistungen-und-wartung","status":"publish","type":"page","link":"https:\/\/www.generaldies.com\/de\/dienstleistungen\/dienstleistungen-und-wartung\/","title":{"rendered":"Dienstleistungen und Wartung"},"content":{"rendered":"<p>[vc_row][vc_column][vc_column_text]<img loading=\"lazy\" class=\"size-medium wp-image-4687 alignright\" src=\"https:\/\/www.generaldies.com\/wp-content\/uploads\/2017\/03\/service-e-manutenzione-300x222.jpg\" alt=\"service e manutenzione\" width=\"300\" height=\"222\" srcset=\"https:\/\/www.generaldies.com\/wp-content\/uploads\/2017\/03\/service-e-manutenzione-300x222.jpg 300w, https:\/\/www.generaldies.com\/wp-content\/uploads\/2017\/03\/service-e-manutenzione-768x568.jpg 768w, https:\/\/www.generaldies.com\/wp-content\/uploads\/2017\/03\/service-e-manutenzione.jpg 800w\" sizes=\"(max-width: 300px) 100vw, 300px\" \/>Wir glauben fest in Kundeservice, es ist ein sehr wichtiger Wert.<br \/>\nEffizienter Maschinen zu haben, f\u00fcr ein minimale Koste, garantiert die Reduktion eventuelle Stillstande der Linien.<\/p>\n<p>Wir betrachten den Kunden wie einem Partner und deshalb Ihre Probleme sind unsere. Wir suchen immer effiziente L\u00f6sungen und greifen schnell und in korrekte Weise in.<\/p>\n<p>F\u00fcr einige Jahren bieten wir, in Italien und umliegende Lander, ein Service f\u00fcr PROGRAMMIERTE WARUNG an. Unserer Techniker kommen Halbjahrs bei Sie (oder wieviel Sie w\u00fcnschen) und \u00fcberpr\u00fcfen dem Zustand der Anlage und der Maschinen (ungeachtet ob sie von General Dies sind oder andere Marken. So werden eventuelle Br\u00fcchen verhindert.<\/p>\n<p>Diese Service fasst die Lieferung von revidierte Ersatzteilen ein.<br \/>\nWir greifen in die Stelle des Kunden an, unserer Techniker arbeitet zusammen mit einem Techniker vom Kunde.<br \/>\nAu\u00dferdem, der Kunde der die Service f\u00fcr programmierte Wartung nutzt, hat wichtige Rabatten.<\/p>\n<p>Wir revidieren auch in unsere Fabrik Pelletierm\u00fchle (Ring und Flache) mit Gurtsteuerung oder Zahnradsteuerung.[\/vc_column_text][\/vc_column][\/vc_row]<\/p>\n","protected":false},"excerpt":{"rendered":"<p>[vc_row][vc_column][vc_column_text]Wir glauben fest in Kundeservice, es ist ein sehr wichtiger Wert. Effizienter Maschinen zu haben, f\u00fcr ein minimale Koste, garantiert die Reduktion eventuelle Stillstande der Linien. Wir betrachten den Kunden wie einem Partner und deshalb Ihre Probleme sind unsere. Wir suchen immer effiziente L\u00f6sungen und greifen schnell und in korrekte Weise in. F\u00fcr einige Jahren [&hellip;]<\/p>\n","protected":false},"author":1,"featured_media":4656,"parent":7117,"menu_order":181,"comment_status":"closed","ping_status":"closed","template":"","meta":{"_mi_skip_tracking":false},"acf":{"barra_cta":true,"immagine_barra_cta":{"ID":8942,"id":8942,"title":"team-video_NEW2","filename":"team-video_NEW2.jpg","filesize":117644,"url":"https:\/\/www.generaldies.com\/wp-content\/uploads\/2024\/12\/team-video_NEW2.jpg","link":"https:\/\/www.generaldies.com\/de\/team-video_new2-2\/","alt":"","author":"5","description":"","caption":"","name":"team-video_new2-2","status":"inherit","uploaded_to":0,"date":"2024-12-10 09:46:43","modified":"2024-12-10 10:10:34","menu_order":0,"mime_type":"image\/jpeg","type":"image","subtype":"jpeg","icon":"https:\/\/www.generaldies.com\/wp-includes\/images\/media\/default.png","width":689,"height":321,"sizes":{"thumbnail":"https:\/\/www.generaldies.com\/wp-content\/uploads\/2024\/12\/team-video_NEW2-150x150.jpg","thumbnail-width":150,"thumbnail-height":150,"medium":"https:\/\/www.generaldies.com\/wp-content\/uploads\/2024\/12\/team-video_NEW2-300x140.jpg","medium-width":300,"medium-height":140,"medium_large":"https:\/\/www.generaldies.com\/wp-content\/uploads\/2024\/12\/team-video_NEW2.jpg","medium_large-width":640,"medium_large-height":298,"large":"https:\/\/www.generaldies.com\/wp-content\/uploads\/2024\/12\/team-video_NEW2.jpg","large-width":640,"large-height":298,"1536x1536":"https:\/\/www.generaldies.com\/wp-content\/uploads\/2024\/12\/team-video_NEW2.jpg","1536x1536-width":689,"1536x1536-height":321,"2048x2048":"https:\/\/www.generaldies.com\/wp-content\/uploads\/2024\/12\/team-video_NEW2.jpg","2048x2048-width":689,"2048x2048-height":321,"list-image":"https:\/\/www.generaldies.com\/wp-content\/uploads\/2024\/12\/team-video_NEW2.jpg","list-image-width":689,"list-image-height":321,"square-image":"https:\/\/www.generaldies.com\/wp-content\/uploads\/2024\/12\/team-video_NEW2.jpg","square-image-width":689,"square-image-height":321,"square-image-mini":"https:\/\/www.generaldies.com\/wp-content\/uploads\/2024\/12\/team-video_NEW2-400x321.jpg","square-image-mini-width":400,"square-image-mini-height":321,"banner-image":"https:\/\/www.generaldies.com\/wp-content\/uploads\/2024\/12\/team-video_NEW2-689x270.jpg","banner-image-width":689,"banner-image-height":270,"pc-image":"https:\/\/www.generaldies.com\/wp-content\/uploads\/2024\/12\/team-video_NEW2-200x100.jpg","pc-image-width":200,"pc-image-height":100}}},"yoast_head":"<!-- This site is optimized with the Yoast SEO plugin v16.4 - https:\/\/yoast.com\/wordpress\/plugins\/seo\/ -->\n<title>Dienstleistungen und Wartung - General Dies<\/title>\n<meta name=\"description\" content=\"Wir bieten eine innovative Dienstleistung von programmierten Wartung. Sie k\u00f6nnen Halbjahrs unseren Techniker bei Sie empfangen.\" \/>\n<meta name=\"robots\" content=\"index, follow, max-snippet:-1, max-image-preview:large, max-video-preview:-1\" \/>\n<link rel=\"canonical\" href=\"https:\/\/www.generaldies.com\/de\/dienstleistungen\/dienstleistungen-und-wartung\/\" \/>\n<meta property=\"og:locale\" content=\"de_DE\" \/>\n<meta property=\"og:type\" content=\"article\" \/>\n<meta property=\"og:title\" content=\"Dienstleistungen und Wartung - General Dies\" \/>\n<meta property=\"og:description\" content=\"Wir bieten eine innovative Dienstleistung von programmierten Wartung. Sie k\u00f6nnen Halbjahrs unseren Techniker bei Sie empfangen.\" \/>\n<meta property=\"og:url\" content=\"https:\/\/www.generaldies.com\/de\/dienstleistungen\/dienstleistungen-und-wartung\/\" \/>\n<meta property=\"og:site_name\" content=\"General Dies\" \/>\n<meta property=\"og:image\" content=\"https:\/\/www.generaldies.com\/wp-content\/uploads\/2017\/03\/Service.jpg\" \/>\n\t<meta property=\"og:image:width\" content=\"800\" \/>\n\t<meta property=\"og:image:height\" content=\"600\" \/>\n<meta name=\"twitter:card\" content=\"summary\" \/>\n<meta name=\"twitter:label1\" content=\"Gesch\u00e4tzte Lesezeit\" \/>\n\t<meta name=\"twitter:data1\" content=\"1\u00a0Minute\" \/>\n<script type=\"application\/ld+json\" class=\"yoast-schema-graph\">{\"@context\":\"https:\/\/schema.org\",\"@graph\":[{\"@type\":\"WebSite\",\"@id\":\"https:\/\/www.generaldies.com\/it\/#website\",\"url\":\"https:\/\/www.generaldies.com\/it\/\",\"name\":\"General Dies\",\"description\":\"Dal 1960 al servizio della pellettatura\",\"potentialAction\":[{\"@type\":\"SearchAction\",\"target\":\"https:\/\/www.generaldies.com\/it\/?s={search_term_string}\",\"query-input\":\"required name=search_term_string\"}],\"inLanguage\":\"de\"},{\"@type\":\"ImageObject\",\"@id\":\"https:\/\/www.generaldies.com\/de\/dienstleistungen\/dienstleistungen-und-wartung\/#primaryimage\",\"inLanguage\":\"de\",\"url\":\"https:\/\/www.generaldies.com\/wp-content\/uploads\/2017\/03\/Service.jpg\",\"contentUrl\":\"https:\/\/www.generaldies.com\/wp-content\/uploads\/2017\/03\/Service.jpg\",\"width\":800,\"height\":600},{\"@type\":\"WebPage\",\"@id\":\"https:\/\/www.generaldies.com\/de\/dienstleistungen\/dienstleistungen-und-wartung\/#webpage\",\"url\":\"https:\/\/www.generaldies.com\/de\/dienstleistungen\/dienstleistungen-und-wartung\/\",\"name\":\"Dienstleistungen und Wartung - General Dies\",\"isPartOf\":{\"@id\":\"https:\/\/www.generaldies.com\/it\/#website\"},\"primaryImageOfPage\":{\"@id\":\"https:\/\/www.generaldies.com\/de\/dienstleistungen\/dienstleistungen-und-wartung\/#primaryimage\"},\"datePublished\":\"2017-06-14T14:33:45+00:00\",\"dateModified\":\"2017-06-14T14:33:45+00:00\",\"description\":\"Wir bieten eine innovative Dienstleistung von programmierten Wartung. Sie k\\u00f6nnen Halbjahrs unseren Techniker bei Sie empfangen.\",\"breadcrumb\":{\"@id\":\"https:\/\/www.generaldies.com\/de\/dienstleistungen\/dienstleistungen-und-wartung\/#breadcrumb\"},\"inLanguage\":\"de\",\"potentialAction\":[{\"@type\":\"ReadAction\",\"target\":[\"https:\/\/www.generaldies.com\/de\/dienstleistungen\/dienstleistungen-und-wartung\/\"]}]},{\"@type\":\"BreadcrumbList\",\"@id\":\"https:\/\/www.generaldies.com\/de\/dienstleistungen\/dienstleistungen-und-wartung\/#breadcrumb\",\"itemListElement\":[{\"@type\":\"ListItem\",\"position\":1,\"item\":{\"@type\":\"WebPage\",\"@id\":\"https:\/\/www.generaldies.com\/de\/\",\"url\":\"https:\/\/www.generaldies.com\/de\/\",\"name\":\"Home\"}},{\"@type\":\"ListItem\",\"position\":2,\"item\":{\"@type\":\"WebPage\",\"@id\":\"https:\/\/www.generaldies.com\/de\/dienstleistungen\/\",\"url\":\"https:\/\/www.generaldies.com\/de\/dienstleistungen\/\",\"name\":\"Service\"}},{\"@type\":\"ListItem\",\"position\":3,\"item\":{\"@id\":\"https:\/\/www.generaldies.com\/de\/dienstleistungen\/dienstleistungen-und-wartung\/#webpage\"}}]}]}<\/script>\n<!-- \/ Yoast SEO plugin. -->","_links":{"self":[{"href":"https:\/\/www.generaldies.com\/de\/wp-json\/wp\/v2\/pages\/7132"}],"collection":[{"href":"https:\/\/www.generaldies.com\/de\/wp-json\/wp\/v2\/pages"}],"about":[{"href":"https:\/\/www.generaldies.com\/de\/wp-json\/wp\/v2\/types\/page"}],"author":[{"embeddable":true,"href":"https:\/\/www.generaldies.com\/de\/wp-json\/wp\/v2\/users\/1"}],"replies":[{"embeddable":true,"href":"https:\/\/www.generaldies.com\/de\/wp-json\/wp\/v2\/comments?post=7132"}],"version-history":[{"count":1,"href":"https:\/\/www.generaldies.com\/de\/wp-json\/wp\/v2\/pages\/7132\/revisions"}],"predecessor-version":[{"id":7133,"href":"https:\/\/www.generaldies.com\/de\/wp-json\/wp\/v2\/pages\/7132\/revisions\/7133"}],"up":[{"embeddable":true,"href":"https:\/\/www.generaldies.com\/de\/wp-json\/wp\/v2\/pages\/7117"}],"wp:featuredmedia":[{"embeddable":true,"href":"https:\/\/www.generaldies.com\/de\/wp-json\/wp\/v2\/media\/4656"}],"wp:attachment":[{"href":"https:\/\/www.generaldies.com\/de\/wp-json\/wp\/v2\/media?parent=7132"}],"curies":[{"name":"wp","href":"https:\/\/api.w.org\/{rel}","templated":true}]}}