{"id":7130,"date":"2017-06-14T16:29:53","date_gmt":"2017-06-14T14:29:53","guid":{"rendered":"https:\/\/www.generaldies.com\/dienstleistungen\/beratung-und-unterstutzung\/"},"modified":"2017-06-14T16:29:54","modified_gmt":"2017-06-14T14:29:54","slug":"beratung-und-unterstutzung","status":"publish","type":"page","link":"https:\/\/www.generaldies.com\/de\/dienstleistungen\/beratung-und-unterstutzung\/","title":{"rendered":"Beratung und Unterstutzung"},"content":{"rendered":"<p>[vc_row][vc_column][vc_column_text]<img loading=\"lazy\" class=\"alignleft size-medium wp-image-4787\" src=\"https:\/\/www.generaldies.com\/wp-content\/uploads\/2017\/03\/ufficio-tecnico-300x200.jpg\" alt=\"ufficio tecnico general dies\" width=\"300\" height=\"200\" srcset=\"https:\/\/www.generaldies.com\/wp-content\/uploads\/2017\/03\/ufficio-tecnico-300x200.jpg 300w, https:\/\/www.generaldies.com\/wp-content\/uploads\/2017\/03\/ufficio-tecnico-768x512.jpg 768w, https:\/\/www.generaldies.com\/wp-content\/uploads\/2017\/03\/ufficio-tecnico.jpg 800w\" sizes=\"(max-width: 300px) 100vw, 300px\" \/>Wir bieten andauernde Unterst\u00fctzung f\u00fcr unseren Kunden: telefonischer Rat, Besuche in die Stelle, Beratung, Revidierung der Maschinen und Anlagen, abholen des Ersatzteilen, revidieren Ersatzteilen und Lieferung revidierte Stucken.\u00a0<img loading=\"lazy\" class=\"size-medium wp-image-4793 alignright\" src=\"https:\/\/www.generaldies.com\/wp-content\/uploads\/2017\/03\/consulenza-300x300.jpg\" alt=\"\" width=\"300\" height=\"300\" srcset=\"https:\/\/www.generaldies.com\/wp-content\/uploads\/2017\/03\/consulenza-300x300.jpg 300w, https:\/\/www.generaldies.com\/wp-content\/uploads\/2017\/03\/consulenza-150x150.jpg 150w, https:\/\/www.generaldies.com\/wp-content\/uploads\/2017\/03\/consulenza.jpg 600w, https:\/\/www.generaldies.com\/wp-content\/uploads\/2017\/03\/consulenza-400x400.jpg 400w\" sizes=\"(max-width: 300px) 100vw, 300px\" \/>Wir sind stolz auf der Beratung und Unterst\u00fctzung die wir anbieten k\u00f6nnen.<\/p>\n<p>Wir sind andauernd bem\u00fcht diese hochwertigen Dienstleistungen anzubieten und wir lassen niemals dem Kunden alleine.<br \/>\nWir sind da immer f\u00fcr unseren Kunden, auch auf Feiertagen da wir verstehen wie wichtig es ist dass Ihre Fabrik immer gut funktioniert.<\/p>\n<p>Begeisterung f\u00fcr unsere Arbeit steuert uns Ihr eventuelles Problem wie unsere Problem zu betrachten, ungeachtet die Gr\u00fcnde.<br \/>\nWir werden sparsame und dauerhaftere L\u00f6sungen zu finden, und werden immer hochwertige Komponenten w\u00e4hlen.[\/vc_column_text][\/vc_column][\/vc_row]<\/p>\n","protected":false},"excerpt":{"rendered":"<p>[vc_row][vc_column][vc_column_text]Wir bieten andauernde Unterst\u00fctzung f\u00fcr unseren Kunden: telefonischer Rat, Besuche in die Stelle, Beratung, Revidierung der Maschinen und Anlagen, abholen des Ersatzteilen, revidieren Ersatzteilen und Lieferung revidierte Stucken.\u00a0Wir sind stolz auf der Beratung und Unterst\u00fctzung die wir anbieten k\u00f6nnen. Wir sind andauernd bem\u00fcht diese hochwertigen Dienstleistungen anzubieten und wir lassen niemals dem Kunden alleine. Wir [&hellip;]<\/p>\n","protected":false},"author":1,"featured_media":4310,"parent":7117,"menu_order":61,"comment_status":"closed","ping_status":"closed","template":"","meta":{"_mi_skip_tracking":false},"acf":{"barra_cta":null,"immagine_barra_cta":null},"yoast_head":"<!-- This site is optimized with the Yoast SEO plugin v16.4 - https:\/\/yoast.com\/wordpress\/plugins\/seo\/ -->\n<title>Beratung - General Dies<\/title>\n<meta name=\"description\" content=\"Wir bieten andauernde Unterst\u00fctzung f\u00fcr unseren Kunden: telefonischer Rat, Besuche in die Stelle, Revidierung der Maschinen und Anlagen usw.\" \/>\n<meta name=\"robots\" content=\"index, follow, max-snippet:-1, max-image-preview:large, max-video-preview:-1\" \/>\n<link rel=\"canonical\" href=\"https:\/\/www.generaldies.com\/de\/dienstleistungen\/beratung-und-unterstutzung\/\" \/>\n<meta property=\"og:locale\" content=\"de_DE\" \/>\n<meta property=\"og:type\" content=\"article\" \/>\n<meta property=\"og:title\" content=\"Beratung - General Dies\" \/>\n<meta property=\"og:description\" content=\"Wir bieten andauernde Unterst\u00fctzung f\u00fcr unseren Kunden: telefonischer Rat, Besuche in die Stelle, Revidierung der Maschinen und Anlagen usw.\" \/>\n<meta property=\"og:url\" content=\"https:\/\/www.generaldies.com\/de\/dienstleistungen\/beratung-und-unterstutzung\/\" \/>\n<meta property=\"og:site_name\" content=\"General Dies\" \/>\n<meta property=\"article:modified_time\" content=\"2017-06-14T14:29:54+00:00\" \/>\n<meta property=\"og:image\" content=\"https:\/\/www.generaldies.com\/wp-content\/uploads\/2017\/02\/Consulenza-Consulting-Service.jpg\" \/>\n\t<meta property=\"og:image:width\" content=\"800\" \/>\n\t<meta property=\"og:image:height\" content=\"603\" \/>\n<meta name=\"twitter:card\" content=\"summary\" \/>\n<meta name=\"twitter:label1\" content=\"Gesch\u00e4tzte Lesezeit\" \/>\n\t<meta name=\"twitter:data1\" content=\"1\u00a0Minute\" \/>\n<script type=\"application\/ld+json\" class=\"yoast-schema-graph\">{\"@context\":\"https:\/\/schema.org\",\"@graph\":[{\"@type\":\"WebSite\",\"@id\":\"https:\/\/www.generaldies.com\/it\/#website\",\"url\":\"https:\/\/www.generaldies.com\/it\/\",\"name\":\"General Dies\",\"description\":\"Dal 1960 al servizio della pellettatura\",\"potentialAction\":[{\"@type\":\"SearchAction\",\"target\":\"https:\/\/www.generaldies.com\/it\/?s={search_term_string}\",\"query-input\":\"required name=search_term_string\"}],\"inLanguage\":\"de\"},{\"@type\":\"ImageObject\",\"@id\":\"https:\/\/www.generaldies.com\/de\/dienstleistungen\/beratung-und-unterstutzung\/#primaryimage\",\"inLanguage\":\"de\",\"url\":\"https:\/\/www.generaldies.com\/wp-content\/uploads\/2017\/02\/Consulenza-Consulting-Service.jpg\",\"contentUrl\":\"https:\/\/www.generaldies.com\/wp-content\/uploads\/2017\/02\/Consulenza-Consulting-Service.jpg\",\"width\":800,\"height\":603},{\"@type\":\"WebPage\",\"@id\":\"https:\/\/www.generaldies.com\/de\/dienstleistungen\/beratung-und-unterstutzung\/#webpage\",\"url\":\"https:\/\/www.generaldies.com\/de\/dienstleistungen\/beratung-und-unterstutzung\/\",\"name\":\"Beratung - General Dies\",\"isPartOf\":{\"@id\":\"https:\/\/www.generaldies.com\/it\/#website\"},\"primaryImageOfPage\":{\"@id\":\"https:\/\/www.generaldies.com\/de\/dienstleistungen\/beratung-und-unterstutzung\/#primaryimage\"},\"datePublished\":\"2017-06-14T14:29:53+00:00\",\"dateModified\":\"2017-06-14T14:29:54+00:00\",\"description\":\"Wir bieten andauernde Unterst\\u00fctzung f\\u00fcr unseren Kunden: telefonischer Rat, Besuche in die Stelle, Revidierung der Maschinen und Anlagen usw.\",\"breadcrumb\":{\"@id\":\"https:\/\/www.generaldies.com\/de\/dienstleistungen\/beratung-und-unterstutzung\/#breadcrumb\"},\"inLanguage\":\"de\",\"potentialAction\":[{\"@type\":\"ReadAction\",\"target\":[\"https:\/\/www.generaldies.com\/de\/dienstleistungen\/beratung-und-unterstutzung\/\"]}]},{\"@type\":\"BreadcrumbList\",\"@id\":\"https:\/\/www.generaldies.com\/de\/dienstleistungen\/beratung-und-unterstutzung\/#breadcrumb\",\"itemListElement\":[{\"@type\":\"ListItem\",\"position\":1,\"item\":{\"@type\":\"WebPage\",\"@id\":\"https:\/\/www.generaldies.com\/de\/\",\"url\":\"https:\/\/www.generaldies.com\/de\/\",\"name\":\"Home\"}},{\"@type\":\"ListItem\",\"position\":2,\"item\":{\"@type\":\"WebPage\",\"@id\":\"https:\/\/www.generaldies.com\/de\/dienstleistungen\/\",\"url\":\"https:\/\/www.generaldies.com\/de\/dienstleistungen\/\",\"name\":\"Service\"}},{\"@type\":\"ListItem\",\"position\":3,\"item\":{\"@id\":\"https:\/\/www.generaldies.com\/de\/dienstleistungen\/beratung-und-unterstutzung\/#webpage\"}}]}]}<\/script>\n<!-- \/ Yoast SEO plugin. -->","_links":{"self":[{"href":"https:\/\/www.generaldies.com\/de\/wp-json\/wp\/v2\/pages\/7130"}],"collection":[{"href":"https:\/\/www.generaldies.com\/de\/wp-json\/wp\/v2\/pages"}],"about":[{"href":"https:\/\/www.generaldies.com\/de\/wp-json\/wp\/v2\/types\/page"}],"author":[{"embeddable":true,"href":"https:\/\/www.generaldies.com\/de\/wp-json\/wp\/v2\/users\/1"}],"replies":[{"embeddable":true,"href":"https:\/\/www.generaldies.com\/de\/wp-json\/wp\/v2\/comments?post=7130"}],"version-history":[{"count":1,"href":"https:\/\/www.generaldies.com\/de\/wp-json\/wp\/v2\/pages\/7130\/revisions"}],"predecessor-version":[{"id":7131,"href":"https:\/\/www.generaldies.com\/de\/wp-json\/wp\/v2\/pages\/7130\/revisions\/7131"}],"up":[{"embeddable":true,"href":"https:\/\/www.generaldies.com\/de\/wp-json\/wp\/v2\/pages\/7117"}],"wp:featuredmedia":[{"embeddable":true,"href":"https:\/\/www.generaldies.com\/de\/wp-json\/wp\/v2\/media\/4310"}],"wp:attachment":[{"href":"https:\/\/www.generaldies.com\/de\/wp-json\/wp\/v2\/media?parent=7130"}],"curies":[{"name":"wp","href":"https:\/\/api.w.org\/{rel}","templated":true}]}}