{"id":7126,"date":"2017-06-14T16:23:57","date_gmt":"2017-06-14T14:23:57","guid":{"rendered":"https:\/\/www.generaldies.com\/dienstleistungen\/anlagen-planung\/"},"modified":"2017-06-14T16:23:58","modified_gmt":"2017-06-14T14:23:58","slug":"anlagen-planung","status":"publish","type":"page","link":"https:\/\/www.generaldies.com\/de\/dienstleistungen\/anlagen-planung\/","title":{"rendered":"Anlagen Planung"},"content":{"rendered":"<p>[vc_row][vc_column][vc_column_text]Wir\u00a0besch\u00e4ftigen\u00a0uns mit der Planung der\u00a0schl\u00fcsselfertigen\u00a0Anlagen\u00a0f\u00fcr\u00a0die Produktion des Pellet\u00a0f\u00fcr\u00a0Tierfutter, Holz und Biomasse, Kompost, Stroh, Heu, Alfalfa, Plastik\u00a0usw. Unserer Techniker hatten schon in\u00a01970\u00a0der ersten kompletteren Tierfutterfabrik\u00a0entw\u00fcrfen.<img loading=\"lazy\" class=\"wp-image-4826 size-medium alignright\" src=\"https:\/\/www.generaldies.com\/wp-content\/uploads\/2017\/03\/progettazione-impianti-pellettatura-300x152.jpg\" alt=\"progettazione impianti pellettatura\" width=\"300\" height=\"152\" srcset=\"https:\/\/www.generaldies.com\/wp-content\/uploads\/2017\/03\/progettazione-impianti-pellettatura-300x152.jpg 300w, https:\/\/www.generaldies.com\/wp-content\/uploads\/2017\/03\/progettazione-impianti-pellettatura-768x390.jpg 768w, https:\/\/www.generaldies.com\/wp-content\/uploads\/2017\/03\/progettazione-impianti-pellettatura.jpg 800w, https:\/\/www.generaldies.com\/wp-content\/uploads\/2017\/03\/progettazione-impianti-pellettatura-200x100.jpg 200w\" sizes=\"(max-width: 300px) 100vw, 300px\" \/> Unsere Erfahrung in verschiedene Sektors lasst uns Sie eine komplette Dienstleistung anzubieten und die Notwendigkeiten des Kunden zu verstehen und praktische und innovative L\u00f6sungen anzubieten.<\/p>\n<p>Unsere Anlagen werden ma\u00dfgearbeitet und bestehen aus unsere Maschinen und Komponenten von den besten europ\u00e4ischen Herstellern.<br \/>\nWir begleiten den Kunden ab die erste Planungsstufe bis zur Inbetriebnahme des Kunde.[\/vc_column_text][\/vc_column][\/vc_row]<\/p>\n","protected":false},"excerpt":{"rendered":"<p>[vc_row][vc_column][vc_column_text]Wir\u00a0besch\u00e4ftigen\u00a0uns mit der Planung der\u00a0schl\u00fcsselfertigen\u00a0Anlagen\u00a0f\u00fcr\u00a0die Produktion des Pellet\u00a0f\u00fcr\u00a0Tierfutter, Holz und Biomasse, Kompost, Stroh, Heu, Alfalfa, Plastik\u00a0usw. Unserer Techniker hatten schon in\u00a01970\u00a0der ersten kompletteren Tierfutterfabrik\u00a0entw\u00fcrfen. Unsere Erfahrung in verschiedene Sektors lasst uns Sie eine komplette Dienstleistung anzubieten und die Notwendigkeiten des Kunden zu verstehen und praktische und innovative L\u00f6sungen anzubieten. Unsere Anlagen werden ma\u00dfgearbeitet und bestehen [&hellip;]<\/p>\n","protected":false},"author":1,"featured_media":4817,"parent":7117,"menu_order":153,"comment_status":"closed","ping_status":"closed","template":"","meta":{"_mi_skip_tracking":false},"acf":{"barra_cta":true,"immagine_barra_cta":{"ID":8942,"id":8942,"title":"team-video_NEW2","filename":"team-video_NEW2.jpg","filesize":117644,"url":"https:\/\/www.generaldies.com\/wp-content\/uploads\/2024\/12\/team-video_NEW2.jpg","link":"https:\/\/www.generaldies.com\/de\/team-video_new2-2\/","alt":"","author":"5","description":"","caption":"","name":"team-video_new2-2","status":"inherit","uploaded_to":0,"date":"2024-12-10 09:46:43","modified":"2024-12-10 10:10:34","menu_order":0,"mime_type":"image\/jpeg","type":"image","subtype":"jpeg","icon":"https:\/\/www.generaldies.com\/wp-includes\/images\/media\/default.png","width":689,"height":321,"sizes":{"thumbnail":"https:\/\/www.generaldies.com\/wp-content\/uploads\/2024\/12\/team-video_NEW2-150x150.jpg","thumbnail-width":150,"thumbnail-height":150,"medium":"https:\/\/www.generaldies.com\/wp-content\/uploads\/2024\/12\/team-video_NEW2-300x140.jpg","medium-width":300,"medium-height":140,"medium_large":"https:\/\/www.generaldies.com\/wp-content\/uploads\/2024\/12\/team-video_NEW2.jpg","medium_large-width":640,"medium_large-height":298,"large":"https:\/\/www.generaldies.com\/wp-content\/uploads\/2024\/12\/team-video_NEW2.jpg","large-width":640,"large-height":298,"1536x1536":"https:\/\/www.generaldies.com\/wp-content\/uploads\/2024\/12\/team-video_NEW2.jpg","1536x1536-width":689,"1536x1536-height":321,"2048x2048":"https:\/\/www.generaldies.com\/wp-content\/uploads\/2024\/12\/team-video_NEW2.jpg","2048x2048-width":689,"2048x2048-height":321,"list-image":"https:\/\/www.generaldies.com\/wp-content\/uploads\/2024\/12\/team-video_NEW2.jpg","list-image-width":689,"list-image-height":321,"square-image":"https:\/\/www.generaldies.com\/wp-content\/uploads\/2024\/12\/team-video_NEW2.jpg","square-image-width":689,"square-image-height":321,"square-image-mini":"https:\/\/www.generaldies.com\/wp-content\/uploads\/2024\/12\/team-video_NEW2-400x321.jpg","square-image-mini-width":400,"square-image-mini-height":321,"banner-image":"https:\/\/www.generaldies.com\/wp-content\/uploads\/2024\/12\/team-video_NEW2-689x270.jpg","banner-image-width":689,"banner-image-height":270,"pc-image":"https:\/\/www.generaldies.com\/wp-content\/uploads\/2024\/12\/team-video_NEW2-200x100.jpg","pc-image-width":200,"pc-image-height":100}}},"yoast_head":"<!-- This site is optimized with the Yoast SEO plugin v16.4 - https:\/\/yoast.com\/wordpress\/plugins\/seo\/ -->\n<title>Entwurf Anlagen Pellet - General Dies<\/title>\n<meta name=\"description\" content=\"Wir bem\u00fchen uns von dem Entwurf von komplette schl\u00fcsselfertigen Anlagen f\u00fcr die Produktion von Pellet vor Tierfutter usw. Lesen Sie weiter.\" \/>\n<meta name=\"robots\" content=\"index, follow, max-snippet:-1, max-image-preview:large, max-video-preview:-1\" \/>\n<link rel=\"canonical\" href=\"https:\/\/www.generaldies.com\/de\/dienstleistungen\/anlagen-planung\/\" \/>\n<meta property=\"og:locale\" content=\"de_DE\" \/>\n<meta property=\"og:type\" content=\"article\" \/>\n<meta property=\"og:title\" content=\"Entwurf Anlagen Pellet - General Dies\" \/>\n<meta property=\"og:description\" content=\"Wir bem\u00fchen uns von dem Entwurf von komplette schl\u00fcsselfertigen Anlagen f\u00fcr die Produktion von Pellet vor Tierfutter usw. Lesen Sie weiter.\" \/>\n<meta property=\"og:url\" content=\"https:\/\/www.generaldies.com\/de\/dienstleistungen\/anlagen-planung\/\" \/>\n<meta property=\"og:site_name\" content=\"General Dies\" \/>\n<meta property=\"article:modified_time\" content=\"2017-06-14T14:23:58+00:00\" \/>\n<meta property=\"og:image\" content=\"https:\/\/www.generaldies.com\/wp-content\/uploads\/2017\/03\/Progettazione-testata.jpg\" \/>\n\t<meta property=\"og:image:width\" content=\"800\" \/>\n\t<meta property=\"og:image:height\" content=\"198\" \/>\n<meta name=\"twitter:card\" content=\"summary\" \/>\n<meta name=\"twitter:label1\" content=\"Gesch\u00e4tzte Lesezeit\" \/>\n\t<meta name=\"twitter:data1\" content=\"1\u00a0Minute\" \/>\n<script type=\"application\/ld+json\" class=\"yoast-schema-graph\">{\"@context\":\"https:\/\/schema.org\",\"@graph\":[{\"@type\":\"WebSite\",\"@id\":\"https:\/\/www.generaldies.com\/it\/#website\",\"url\":\"https:\/\/www.generaldies.com\/it\/\",\"name\":\"General Dies\",\"description\":\"Dal 1960 al servizio della pellettatura\",\"potentialAction\":[{\"@type\":\"SearchAction\",\"target\":\"https:\/\/www.generaldies.com\/it\/?s={search_term_string}\",\"query-input\":\"required name=search_term_string\"}],\"inLanguage\":\"de\"},{\"@type\":\"ImageObject\",\"@id\":\"https:\/\/www.generaldies.com\/de\/dienstleistungen\/anlagen-planung\/#primaryimage\",\"inLanguage\":\"de\",\"url\":\"https:\/\/www.generaldies.com\/wp-content\/uploads\/2017\/03\/Progettazione-testata.jpg\",\"contentUrl\":\"https:\/\/www.generaldies.com\/wp-content\/uploads\/2017\/03\/Progettazione-testata.jpg\",\"width\":800,\"height\":198},{\"@type\":\"WebPage\",\"@id\":\"https:\/\/www.generaldies.com\/de\/dienstleistungen\/anlagen-planung\/#webpage\",\"url\":\"https:\/\/www.generaldies.com\/de\/dienstleistungen\/anlagen-planung\/\",\"name\":\"Entwurf Anlagen Pellet - General Dies\",\"isPartOf\":{\"@id\":\"https:\/\/www.generaldies.com\/it\/#website\"},\"primaryImageOfPage\":{\"@id\":\"https:\/\/www.generaldies.com\/de\/dienstleistungen\/anlagen-planung\/#primaryimage\"},\"datePublished\":\"2017-06-14T14:23:57+00:00\",\"dateModified\":\"2017-06-14T14:23:58+00:00\",\"description\":\"Wir bem\\u00fchen uns von dem Entwurf von komplette schl\\u00fcsselfertigen Anlagen f\\u00fcr die Produktion von Pellet vor Tierfutter usw. Lesen Sie weiter.\",\"breadcrumb\":{\"@id\":\"https:\/\/www.generaldies.com\/de\/dienstleistungen\/anlagen-planung\/#breadcrumb\"},\"inLanguage\":\"de\",\"potentialAction\":[{\"@type\":\"ReadAction\",\"target\":[\"https:\/\/www.generaldies.com\/de\/dienstleistungen\/anlagen-planung\/\"]}]},{\"@type\":\"BreadcrumbList\",\"@id\":\"https:\/\/www.generaldies.com\/de\/dienstleistungen\/anlagen-planung\/#breadcrumb\",\"itemListElement\":[{\"@type\":\"ListItem\",\"position\":1,\"item\":{\"@type\":\"WebPage\",\"@id\":\"https:\/\/www.generaldies.com\/de\/\",\"url\":\"https:\/\/www.generaldies.com\/de\/\",\"name\":\"Home\"}},{\"@type\":\"ListItem\",\"position\":2,\"item\":{\"@type\":\"WebPage\",\"@id\":\"https:\/\/www.generaldies.com\/de\/dienstleistungen\/\",\"url\":\"https:\/\/www.generaldies.com\/de\/dienstleistungen\/\",\"name\":\"Service\"}},{\"@type\":\"ListItem\",\"position\":3,\"item\":{\"@id\":\"https:\/\/www.generaldies.com\/de\/dienstleistungen\/anlagen-planung\/#webpage\"}}]}]}<\/script>\n<!-- \/ Yoast SEO plugin. -->","_links":{"self":[{"href":"https:\/\/www.generaldies.com\/de\/wp-json\/wp\/v2\/pages\/7126"}],"collection":[{"href":"https:\/\/www.generaldies.com\/de\/wp-json\/wp\/v2\/pages"}],"about":[{"href":"https:\/\/www.generaldies.com\/de\/wp-json\/wp\/v2\/types\/page"}],"author":[{"embeddable":true,"href":"https:\/\/www.generaldies.com\/de\/wp-json\/wp\/v2\/users\/1"}],"replies":[{"embeddable":true,"href":"https:\/\/www.generaldies.com\/de\/wp-json\/wp\/v2\/comments?post=7126"}],"version-history":[{"count":1,"href":"https:\/\/www.generaldies.com\/de\/wp-json\/wp\/v2\/pages\/7126\/revisions"}],"predecessor-version":[{"id":7127,"href":"https:\/\/www.generaldies.com\/de\/wp-json\/wp\/v2\/pages\/7126\/revisions\/7127"}],"up":[{"embeddable":true,"href":"https:\/\/www.generaldies.com\/de\/wp-json\/wp\/v2\/pages\/7117"}],"wp:featuredmedia":[{"embeddable":true,"href":"https:\/\/www.generaldies.com\/de\/wp-json\/wp\/v2\/media\/4817"}],"wp:attachment":[{"href":"https:\/\/www.generaldies.com\/de\/wp-json\/wp\/v2\/media?parent=7126"}],"curies":[{"name":"wp","href":"https:\/\/api.w.org\/{rel}","templated":true}]}}