{"id":7113,"date":"2017-06-14T15:55:21","date_gmt":"2017-06-14T13:55:21","guid":{"rendered":"https:\/\/www.generaldies.com\/pelletieranlagen\/plastikanlagen\/"},"modified":"2017-06-14T15:55:22","modified_gmt":"2017-06-14T13:55:22","slug":"plastikanlagen","status":"publish","type":"page","link":"https:\/\/www.generaldies.com\/de\/pelletieranlagen\/plastikanlagen\/","title":{"rendered":"Plastikanlagen"},"content":{"rendered":"<p>[vc_row][vc_column width=&#8220;2\/3&#8243;][vc_column_text]<img loading=\"lazy\" class=\"wp-image-4632 size-full alignleft\" src=\"https:\/\/www.generaldies.com\/wp-content\/uploads\/2017\/03\/cold-plast-black.jpg\" alt=\"cold plast black\" width=\"250\" height=\"269\" \/><\/p>\n<p>Cold Plast ist das Akronym der neuer revolution\u00e4reren Technologie, der thermoplastische Materialien vorbereitet (masters, compositions, blends compounds) vom Polymer verfahren mit Kaltsystem, der ein optimales Granulat macht.<br \/>\nOffensichtlich erspart man Energie mit diesem System und bekommt eine Mixtur vom \u00e4hnlichem vernetztem Partikel und Bewahrung der technologischeren Eigenschaften.<\/p>\n<p>Diese neue Technologie herstellt Pellet der danach prozessiert wird durch traditionelle Anlagen f\u00fcr Extrusion, Abdruck usw.<\/p>\n<p>F\u00fcr die Herstellung dieses Pellet gibt es einer speziellen Maschine die durch Cold Plast ein \u00e4hnliches Produkt bekommt.<\/p>\n<p>In den folgenden Chart finden Sie die Daten PC \/ ABS \/ SAN hergestellt mit dem Cold Plast System ohne Hilfe von zusammenpassender Chemikalie. Die Mischung PC \/ ABS \/ SAN ist prozessiert mit einer Maschine f\u00fcr Abdruck.[\/vc_column_text][\/vc_column][vc_column width=&#8220;1\/3&#8243;][vc_single_image image=&#8220;4638&#8243; img_size=&#8220;large&#8220;][\/vc_column][\/vc_row][vc_row][vc_column][vc_column_text]<\/p>\n<h3 style=\"text-align: center;\"><strong>(65% PC + 25% ABS + 10% SAN) BLEND<\/strong><\/h3>\n<p>[\/vc_column_text][vc_table vc_table_theme=&#8220;simple_pink&#8220;]Properties,ISO%20Standard,Measure%20Unit,Typical%20Values|M.F.I.%20260%C2%B0C%2F5%20Kg,1133,g%2F10&#8242;,19.4|IZOD%20Resilience%20c.i.%204%20mm,180%2F1A,KJ%2Fm%C2%B2,37|CHARPY%20Resilience%20s.i.%204%20mm,179%2F1eU,KJ%2Fm%C2%B2,NB|VICAT%20B%2F%2050%C2%B0C,306,%C2%B0C,110|Flexural%20Max%20load,178,MPa,67|Elastic%20Modulus,178,MPa,2000|H.D.T.%201.82%20MPa,75,%C2%B0C,105|Tensile%20max%20load,527,MPa,At%20yield%2041.6%20%7C%20At%20break%2036.3|Tensile%20elongation,527,%25,At%20yield%206.4%20%7C%20At%20break%2040|Density,1183,g%2Fcm%C2%B3,01.10.00|Longitudinal%20shrinkage,internal,%25,1[\/vc_table][\/vc_column][\/vc_row]<\/p>\n","protected":false},"excerpt":{"rendered":"<p>[vc_row][vc_column width=&#8220;2\/3&#8243;][vc_column_text] Cold Plast ist das Akronym der neuer revolution\u00e4reren Technologie, der thermoplastische Materialien vorbereitet (masters, compositions, blends compounds) vom Polymer verfahren mit Kaltsystem, der ein optimales Granulat macht. Offensichtlich erspart man Energie mit diesem System und bekommt eine Mixtur vom \u00e4hnlichem vernetztem Partikel und Bewahrung der technologischeren Eigenschaften. Diese neue Technologie herstellt Pellet der [&hellip;]<\/p>\n","protected":false},"author":1,"featured_media":4777,"parent":7051,"menu_order":11,"comment_status":"closed","ping_status":"closed","template":"pages-templates\/page-with-contact-cta.php","meta":{"_mi_skip_tracking":false},"acf":{"barra_cta":null,"immagine_barra_cta":null},"yoast_head":"<!-- This site is optimized with the Yoast SEO plugin v16.4 - https:\/\/yoast.com\/wordpress\/plugins\/seo\/ -->\n<title>Cold Plast, Produktion Plastik Pellet - General Dies<\/title>\n<meta name=\"description\" content=\"Mit unseren Maschinen k\u00f6nnen Sie Pellet machen den danach verarbeitet k\u00f6nnen worden in traditionelle Anlagen f\u00fcr Extrusion, Abdruck usw.\" \/>\n<meta name=\"robots\" content=\"index, follow, max-snippet:-1, max-image-preview:large, max-video-preview:-1\" \/>\n<link rel=\"canonical\" href=\"https:\/\/www.generaldies.com\/de\/pelletieranlagen\/plastikanlagen\/\" \/>\n<meta property=\"og:locale\" content=\"de_DE\" \/>\n<meta property=\"og:type\" content=\"article\" \/>\n<meta property=\"og:title\" content=\"Cold Plast, Produktion Plastik Pellet - General Dies\" \/>\n<meta property=\"og:description\" content=\"Mit unseren Maschinen k\u00f6nnen Sie Pellet machen den danach verarbeitet k\u00f6nnen worden in traditionelle Anlagen f\u00fcr Extrusion, Abdruck usw.\" \/>\n<meta property=\"og:url\" content=\"https:\/\/www.generaldies.com\/de\/pelletieranlagen\/plastikanlagen\/\" \/>\n<meta property=\"og:site_name\" content=\"General Dies\" \/>\n<meta property=\"article:modified_time\" content=\"2017-06-14T13:55:22+00:00\" \/>\n<meta property=\"og:image\" content=\"https:\/\/www.generaldies.com\/wp-content\/uploads\/2017\/03\/plastica.jpg\" \/>\n\t<meta property=\"og:image:width\" content=\"800\" \/>\n\t<meta property=\"og:image:height\" content=\"600\" \/>\n<meta name=\"twitter:card\" content=\"summary\" \/>\n<meta name=\"twitter:label1\" content=\"Gesch\u00e4tzte Lesezeit\" \/>\n\t<meta name=\"twitter:data1\" content=\"1\u00a0Minute\" \/>\n<script type=\"application\/ld+json\" class=\"yoast-schema-graph\">{\"@context\":\"https:\/\/schema.org\",\"@graph\":[{\"@type\":\"WebSite\",\"@id\":\"https:\/\/www.generaldies.com\/it\/#website\",\"url\":\"https:\/\/www.generaldies.com\/it\/\",\"name\":\"General Dies\",\"description\":\"Dal 1960 al servizio della pellettatura\",\"potentialAction\":[{\"@type\":\"SearchAction\",\"target\":\"https:\/\/www.generaldies.com\/it\/?s={search_term_string}\",\"query-input\":\"required name=search_term_string\"}],\"inLanguage\":\"de\"},{\"@type\":\"ImageObject\",\"@id\":\"https:\/\/www.generaldies.com\/de\/pelletieranlagen\/plastikanlagen\/#primaryimage\",\"inLanguage\":\"de\",\"url\":\"https:\/\/www.generaldies.com\/wp-content\/uploads\/2017\/03\/plastica.jpg\",\"contentUrl\":\"https:\/\/www.generaldies.com\/wp-content\/uploads\/2017\/03\/plastica.jpg\",\"width\":800,\"height\":600},{\"@type\":\"WebPage\",\"@id\":\"https:\/\/www.generaldies.com\/de\/pelletieranlagen\/plastikanlagen\/#webpage\",\"url\":\"https:\/\/www.generaldies.com\/de\/pelletieranlagen\/plastikanlagen\/\",\"name\":\"Cold Plast, Produktion Plastik Pellet - General Dies\",\"isPartOf\":{\"@id\":\"https:\/\/www.generaldies.com\/it\/#website\"},\"primaryImageOfPage\":{\"@id\":\"https:\/\/www.generaldies.com\/de\/pelletieranlagen\/plastikanlagen\/#primaryimage\"},\"datePublished\":\"2017-06-14T13:55:21+00:00\",\"dateModified\":\"2017-06-14T13:55:22+00:00\",\"description\":\"Mit unseren Maschinen k\\u00f6nnen Sie Pellet machen den danach verarbeitet k\\u00f6nnen worden in traditionelle Anlagen f\\u00fcr Extrusion, Abdruck usw.\",\"breadcrumb\":{\"@id\":\"https:\/\/www.generaldies.com\/de\/pelletieranlagen\/plastikanlagen\/#breadcrumb\"},\"inLanguage\":\"de\",\"potentialAction\":[{\"@type\":\"ReadAction\",\"target\":[\"https:\/\/www.generaldies.com\/de\/pelletieranlagen\/plastikanlagen\/\"]}]},{\"@type\":\"BreadcrumbList\",\"@id\":\"https:\/\/www.generaldies.com\/de\/pelletieranlagen\/plastikanlagen\/#breadcrumb\",\"itemListElement\":[{\"@type\":\"ListItem\",\"position\":1,\"item\":{\"@type\":\"WebPage\",\"@id\":\"https:\/\/www.generaldies.com\/de\/\",\"url\":\"https:\/\/www.generaldies.com\/de\/\",\"name\":\"Home\"}},{\"@type\":\"ListItem\",\"position\":2,\"item\":{\"@type\":\"WebPage\",\"@id\":\"https:\/\/www.generaldies.com\/de\/pelletieranlagen\/\",\"url\":\"https:\/\/www.generaldies.com\/de\/pelletieranlagen\/\",\"name\":\"Pelletieranlagen\"}},{\"@type\":\"ListItem\",\"position\":3,\"item\":{\"@id\":\"https:\/\/www.generaldies.com\/de\/pelletieranlagen\/plastikanlagen\/#webpage\"}}]}]}<\/script>\n<!-- \/ Yoast SEO plugin. -->","_links":{"self":[{"href":"https:\/\/www.generaldies.com\/de\/wp-json\/wp\/v2\/pages\/7113"}],"collection":[{"href":"https:\/\/www.generaldies.com\/de\/wp-json\/wp\/v2\/pages"}],"about":[{"href":"https:\/\/www.generaldies.com\/de\/wp-json\/wp\/v2\/types\/page"}],"author":[{"embeddable":true,"href":"https:\/\/www.generaldies.com\/de\/wp-json\/wp\/v2\/users\/1"}],"replies":[{"embeddable":true,"href":"https:\/\/www.generaldies.com\/de\/wp-json\/wp\/v2\/comments?post=7113"}],"version-history":[{"count":3,"href":"https:\/\/www.generaldies.com\/de\/wp-json\/wp\/v2\/pages\/7113\/revisions"}],"predecessor-version":[{"id":7116,"href":"https:\/\/www.generaldies.com\/de\/wp-json\/wp\/v2\/pages\/7113\/revisions\/7116"}],"up":[{"embeddable":true,"href":"https:\/\/www.generaldies.com\/de\/wp-json\/wp\/v2\/pages\/7051"}],"wp:featuredmedia":[{"embeddable":true,"href":"https:\/\/www.generaldies.com\/de\/wp-json\/wp\/v2\/media\/4777"}],"wp:attachment":[{"href":"https:\/\/www.generaldies.com\/de\/wp-json\/wp\/v2\/media?parent=7113"}],"curies":[{"name":"wp","href":"https:\/\/api.w.org\/{rel}","templated":true}]}}