{"id":7103,"date":"2017-06-14T15:47:44","date_gmt":"2017-06-14T13:47:44","guid":{"rendered":"https:\/\/www.generaldies.com\/pelletieranlagen\/holz-und-biomasseanlagen\/"},"modified":"2017-06-14T15:47:45","modified_gmt":"2017-06-14T13:47:45","slug":"holz-und-biomasseanlagen","status":"publish","type":"page","link":"https:\/\/www.generaldies.com\/de\/pelletieranlagen\/holz-und-biomasseanlagen\/","title":{"rendered":"Holz- und Biomasseanlagen"},"content":{"rendered":"<p>[vc_row][vc_column width=&#8220;2\/3&#8243;][vc_column_text]<\/p>\n<p><img loading=\"lazy\" class=\"wp-image-4617 size-medium alignleft\" src=\"https:\/\/www.generaldies.com\/wp-content\/uploads\/2017\/03\/legno-300x106.jpg\" alt=\"pellet legno\" width=\"300\" height=\"106\" data-mce-src=\"https:\/\/www.generaldies.com\/wp-content\/uploads\/2017\/03\/legno-300x106.jpg\" srcset=\"https:\/\/www.generaldies.com\/wp-content\/uploads\/2017\/03\/legno-300x106.jpg 300w, https:\/\/www.generaldies.com\/wp-content\/uploads\/2017\/03\/legno.jpg 570w\" sizes=\"(max-width: 300px) 100vw, 300px\" \/>Wir bieten komplette Anlagen und Pelletierlinien f\u00fcr Holz und Biomasse an. <br \/>Zufolge die Anfrage unseren Anlagen haben unterschiedliche Eigenschaften und Kapazit\u00e4ten.<\/p>\n<p>Prozessstufen<\/p>\n<ul>\n<li>Stufe A: Schnitzen<\/li>\n<li>Stufe B: Trocknen<\/li>\n<li>Stufe C: Raffinieren &#8211; Zerkleinern<\/li>\n<li>Stufe D: Mischen<\/li>\n<li>Stufe E: Pelletieren<\/li>\n<li>Stufe F: Kuhlen<\/li>\n<li>Stufe G: Sieben<\/li>\n<li>Stufe H: Verpacken <\/li>\n<\/ul>\n<p>[\/vc_column_text][\/vc_column][vc_column width=&#8220;1\/3&#8243;][vc_single_image image=&#8220;4611&#8243; img_size=&#8220;large&#8220;][vc_single_image image=&#8220;4623&#8243; img_size=&#8220;large&#8220;][\/vc_column][\/vc_row][vc_row][vc_column][vc_separator css=&#8220;.vc_custom_1488874858284{margin-top: 50px !important;margin-bottom: 50px !important;}&#8220;][\/vc_column][\/vc_row][vc_row][vc_column][vc_single_image image=&#8220;4569&#8243; img_size=&#8220;large&#8220; alignment=&#8220;center&#8220;][vc_column_text]<\/p>\n<h3>STUFE \u2018A\u2019: SCHNITZEN<\/h3>\n<p>Die St\u00e4mme, Zweige, Sagereste m\u00fcssen gehackt werden, so kann das Produkt einfach transportiert werden. Die Maschinen k\u00f6nnen durch einen Motor gesteuert werden oder durch einen Traktor (PTO). Das Geschnitzt wird jetzt getrocknet.<\/p>\n<h3>STUFE \u2018B\u2019: TROCKNEN<\/h3>\n<p>Es ist erforderlich die Feuchtigkeit des Produkts zu reduzieren bis zu 12-13%. Die Maschine kann rotierte Trommel oder mit Gurt sein, und hat einen Brenner der vom \u00d6lbrennstoff, Gas oder Holz zufuhrt wird.<\/p>\n<h3>STUFE \u2018C\u2019: RAFFINIEREN &#8211; ZERKLEINERN<\/h3>\n<p>Die Aspirationseinheit der Raffinierm\u00fchle bringt dem Produkt ein. Das Produkt wird feiner raffiniert um pelletiert worden zu k\u00f6nnen. Das Produkt wird au\u00dferdem ges\u00e4ubert von eventuelle Steinen, metallische Stucke usw.<\/p>\n<h3>STUFE \u2018D\u2019: MISCHEN<\/h3>\n<p>Ein spezieller Speicher mischt das Produkt um einem \u00e4hnlichen Produkt zu bekommen.<\/p>\n<h3>STUFE\u2019E\u2019: PELLETIEREN<\/h3>\n<p>In den Konditionierer kann man Zutaten zuf\u00fcgen, bevor in die Pelletierm\u00fchle eingef\u00fchrt zu werden. Messer schneiden den Pellet in die gew\u00fcnschte L\u00e4nge.<\/p>\n<h3>STUFE \u2018F\u2019: KUHLEN<\/h3>\n<p>Der Pellet kommt ganz hei\u00df auf der Pelletierm\u00fchle, deshalb ist es notwendig den Pellet zu k\u00fchlen bis zu ungef\u00e4hr +5\u00b0C von der Raumtemperatur. So behaltet den Pellet den optimalen Status bevor verpackt zu werden. Die Maschine ist ein Gegenstrom K\u00fchler mit Luftaspiration und Wiedernutzung des Staubs.<\/p>\n<h3>STUFE \u2018G\u2019: SIEBEN<\/h3>\n<p>Der Pellet wird in diese Stufe ges\u00e4ubert vom Staub und werden zur\u00fcckgesendet in die Pelletierungstufe.<\/p>\n<h3>STUFE \u2018H\u2019: VERPACKEN<\/h3>\n<p>Der fertiger Pellet wird nach der Verpackungszone gesendet. Es kann in big-bag oder Sack verpackt werden. Die Verpackmaschinen k\u00f6nnen manuelle, halbautomatisch oder automatisch sein.[\/vc_column_text][\/vc_column][\/vc_row]<\/p>\n","protected":false},"excerpt":{"rendered":"<p>[vc_row][vc_column width=&#8220;2\/3&#8243;][vc_column_text] Wir bieten komplette Anlagen und Pelletierlinien f\u00fcr Holz und Biomasse an. Zufolge die Anfrage unseren Anlagen haben unterschiedliche Eigenschaften und Kapazit\u00e4ten. Prozessstufen Stufe A: Schnitzen Stufe B: Trocknen Stufe C: Raffinieren &#8211; Zerkleinern Stufe D: Mischen Stufe E: Pelletieren Stufe F: Kuhlen Stufe G: Sieben Stufe H: Verpacken [\/vc_column_text][\/vc_column][vc_column width=&#8220;1\/3&#8243;][vc_single_image image=&#8220;4611&#8243; img_size=&#8220;large&#8220;][vc_single_image image=&#8220;4623&#8243; [&hellip;]<\/p>\n","protected":false},"author":1,"featured_media":5409,"parent":7051,"menu_order":20,"comment_status":"closed","ping_status":"closed","template":"pages-templates\/page-with-contact-cta.php","meta":{"_mi_skip_tracking":false},"acf":{"barra_cta":null,"immagine_barra_cta":null},"yoast_head":"<!-- This site is optimized with the Yoast SEO plugin v16.4 - https:\/\/yoast.com\/wordpress\/plugins\/seo\/ -->\n<title>Anlagen Pelletierung Holz und Biomasse - General Dies<\/title>\n<meta name=\"description\" content=\"Wir bieten komplette Anlagen und Pelletierlinien an f\u00fcr die Behandlung und die Produktion von Holz- oder Biomassepellet. Lesen Sie mehr \u00fcber General Dies.\" \/>\n<meta name=\"robots\" content=\"index, follow, max-snippet:-1, max-image-preview:large, max-video-preview:-1\" \/>\n<link rel=\"canonical\" href=\"https:\/\/www.generaldies.com\/de\/pelletieranlagen\/holz-und-biomasseanlagen\/\" \/>\n<meta property=\"og:locale\" content=\"de_DE\" \/>\n<meta property=\"og:type\" content=\"article\" \/>\n<meta property=\"og:title\" content=\"Anlagen Pelletierung Holz und Biomasse - General Dies\" \/>\n<meta property=\"og:description\" content=\"Wir bieten komplette Anlagen und Pelletierlinien an f\u00fcr die Behandlung und die Produktion von Holz- oder Biomassepellet. Lesen Sie mehr \u00fcber General Dies.\" \/>\n<meta property=\"og:url\" content=\"https:\/\/www.generaldies.com\/de\/pelletieranlagen\/holz-und-biomasseanlagen\/\" \/>\n<meta property=\"og:site_name\" content=\"General Dies\" \/>\n<meta property=\"article:modified_time\" content=\"2017-06-14T13:47:45+00:00\" \/>\n<meta property=\"og:image\" content=\"https:\/\/www.generaldies.com\/wp-content\/uploads\/2017\/01\/slide4.jpg\" \/>\n\t<meta property=\"og:image:width\" content=\"1920\" \/>\n\t<meta property=\"og:image:height\" content=\"1080\" \/>\n<meta name=\"twitter:card\" content=\"summary\" \/>\n<meta name=\"twitter:label1\" content=\"Gesch\u00e4tzte Lesezeit\" \/>\n\t<meta name=\"twitter:data1\" content=\"2\u00a0Minuten\" \/>\n<script type=\"application\/ld+json\" class=\"yoast-schema-graph\">{\"@context\":\"https:\/\/schema.org\",\"@graph\":[{\"@type\":\"WebSite\",\"@id\":\"https:\/\/www.generaldies.com\/it\/#website\",\"url\":\"https:\/\/www.generaldies.com\/it\/\",\"name\":\"General Dies\",\"description\":\"Dal 1960 al servizio della pellettatura\",\"potentialAction\":[{\"@type\":\"SearchAction\",\"target\":\"https:\/\/www.generaldies.com\/it\/?s={search_term_string}\",\"query-input\":\"required name=search_term_string\"}],\"inLanguage\":\"de\"},{\"@type\":\"ImageObject\",\"@id\":\"https:\/\/www.generaldies.com\/de\/pelletieranlagen\/holz-und-biomasseanlagen\/#primaryimage\",\"inLanguage\":\"de\",\"url\":\"https:\/\/www.generaldies.com\/wp-content\/uploads\/2017\/01\/slide4.jpg\",\"contentUrl\":\"https:\/\/www.generaldies.com\/wp-content\/uploads\/2017\/01\/slide4.jpg\",\"width\":1920,\"height\":1080},{\"@type\":\"WebPage\",\"@id\":\"https:\/\/www.generaldies.com\/de\/pelletieranlagen\/holz-und-biomasseanlagen\/#webpage\",\"url\":\"https:\/\/www.generaldies.com\/de\/pelletieranlagen\/holz-und-biomasseanlagen\/\",\"name\":\"Anlagen Pelletierung Holz und Biomasse - General Dies\",\"isPartOf\":{\"@id\":\"https:\/\/www.generaldies.com\/it\/#website\"},\"primaryImageOfPage\":{\"@id\":\"https:\/\/www.generaldies.com\/de\/pelletieranlagen\/holz-und-biomasseanlagen\/#primaryimage\"},\"datePublished\":\"2017-06-14T13:47:44+00:00\",\"dateModified\":\"2017-06-14T13:47:45+00:00\",\"description\":\"Wir bieten komplette Anlagen und Pelletierlinien an f\\u00fcr die Behandlung und die Produktion von Holz- oder Biomassepellet. Lesen Sie mehr \\u00fcber General Dies.\",\"breadcrumb\":{\"@id\":\"https:\/\/www.generaldies.com\/de\/pelletieranlagen\/holz-und-biomasseanlagen\/#breadcrumb\"},\"inLanguage\":\"de\",\"potentialAction\":[{\"@type\":\"ReadAction\",\"target\":[\"https:\/\/www.generaldies.com\/de\/pelletieranlagen\/holz-und-biomasseanlagen\/\"]}]},{\"@type\":\"BreadcrumbList\",\"@id\":\"https:\/\/www.generaldies.com\/de\/pelletieranlagen\/holz-und-biomasseanlagen\/#breadcrumb\",\"itemListElement\":[{\"@type\":\"ListItem\",\"position\":1,\"item\":{\"@type\":\"WebPage\",\"@id\":\"https:\/\/www.generaldies.com\/de\/\",\"url\":\"https:\/\/www.generaldies.com\/de\/\",\"name\":\"Home\"}},{\"@type\":\"ListItem\",\"position\":2,\"item\":{\"@type\":\"WebPage\",\"@id\":\"https:\/\/www.generaldies.com\/de\/pelletieranlagen\/\",\"url\":\"https:\/\/www.generaldies.com\/de\/pelletieranlagen\/\",\"name\":\"Pelletieranlagen\"}},{\"@type\":\"ListItem\",\"position\":3,\"item\":{\"@id\":\"https:\/\/www.generaldies.com\/de\/pelletieranlagen\/holz-und-biomasseanlagen\/#webpage\"}}]}]}<\/script>\n<!-- \/ Yoast SEO plugin. -->","_links":{"self":[{"href":"https:\/\/www.generaldies.com\/de\/wp-json\/wp\/v2\/pages\/7103"}],"collection":[{"href":"https:\/\/www.generaldies.com\/de\/wp-json\/wp\/v2\/pages"}],"about":[{"href":"https:\/\/www.generaldies.com\/de\/wp-json\/wp\/v2\/types\/page"}],"author":[{"embeddable":true,"href":"https:\/\/www.generaldies.com\/de\/wp-json\/wp\/v2\/users\/1"}],"replies":[{"embeddable":true,"href":"https:\/\/www.generaldies.com\/de\/wp-json\/wp\/v2\/comments?post=7103"}],"version-history":[{"count":2,"href":"https:\/\/www.generaldies.com\/de\/wp-json\/wp\/v2\/pages\/7103\/revisions"}],"predecessor-version":[{"id":7105,"href":"https:\/\/www.generaldies.com\/de\/wp-json\/wp\/v2\/pages\/7103\/revisions\/7105"}],"up":[{"embeddable":true,"href":"https:\/\/www.generaldies.com\/de\/wp-json\/wp\/v2\/pages\/7051"}],"wp:featuredmedia":[{"embeddable":true,"href":"https:\/\/www.generaldies.com\/de\/wp-json\/wp\/v2\/media\/5409"}],"wp:attachment":[{"href":"https:\/\/www.generaldies.com\/de\/wp-json\/wp\/v2\/media?parent=7103"}],"curies":[{"name":"wp","href":"https:\/\/api.w.org\/{rel}","templated":true}]}}