{"id":7080,"date":"2017-06-14T15:27:22","date_gmt":"2017-06-14T13:27:22","guid":{"rendered":"https:\/\/www.generaldies.com\/pelletieranlagen\/kompostanlagen\/"},"modified":"2017-06-14T15:27:23","modified_gmt":"2017-06-14T13:27:23","slug":"kompostanlagen","status":"publish","type":"page","link":"https:\/\/www.generaldies.com\/de\/pelletieranlagen\/kompostanlagen\/","title":{"rendered":"Kompostanlagen"},"content":{"rendered":"<p>[vc_row][vc_column width=&#8220;2\/3&#8243;][vc_column_text]<\/p>\n<p><img loading=\"lazy\" class=\"wp-image-4550 size-medium alignleft\" src=\"https:\/\/www.generaldies.com\/wp-content\/uploads\/2017\/03\/compost-2-300x200.jpg\" alt=\"\" width=\"300\" height=\"200\" data-mce-src=\"https:\/\/www.generaldies.com\/wp-content\/uploads\/2017\/03\/compost-2-300x200.jpg\" srcset=\"https:\/\/www.generaldies.com\/wp-content\/uploads\/2017\/03\/compost-2-300x200.jpg 300w, https:\/\/www.generaldies.com\/wp-content\/uploads\/2017\/03\/compost-2.jpg 400w\" sizes=\"(max-width: 300px) 100vw, 300px\" \/>Wir bieten komplette Anlagen und Pelletierlinien f\u00fcr Kompost an.<br \/>Zufolge die Anfrage unseren Anlagen haben unterschiedliche Eigenschaften und Kapazit\u00e4ten. <\/p>\n<p>Prozessstufen<\/p>\n<p>Die typischen Stufen der Anlagen f\u00fcr Pelletproduktion vom Kompost sind: :<\/p>\n<ul>\n<li>Stufe A: Sieben<\/li>\n<li>Stufe B: Kompostieren<\/li>\n<li>Stufe C: Buschel ausnehmen<\/li>\n<li>Stufe D: Raffinieren<\/li>\n<li>Stufe E: Pelletieren<\/li>\n<li>Stufe F: Kuhlen<\/li>\n<li>Stufe G: Sieben<\/li>\n<li>Stufe H: Verpacken <\/li>\n<\/ul>\n<p>[\/vc_column_text][\/vc_column][vc_column width=&#8220;1\/3&#8243;][vc_single_image image=&#8220;4544&#8243; img_size=&#8220;large&#8220;][vc_single_image image=&#8220;4556&#8243; img_size=&#8220;large&#8220;][\/vc_column][\/vc_row][vc_row][vc_column][vc_separator css=&#8220;.vc_custom_1488874858284{margin-top: 50px !important;margin-bottom: 50px !important;}&#8220;][\/vc_column][\/vc_row][vc_row][vc_column][vc_single_image image=&#8220;4563&#8243; img_size=&#8220;large&#8220; alignment=&#8220;center&#8220;][vc_column_text]<\/p>\n<h3>STUFE \u2018A\u2019: SIEBEN<\/h3>\n<p>Diese Stufe ist notwendig f\u00fcr das Reinigen des Rohprodukts von Materialien wie: Stein, metallische Stucke, Holz, Feder usw. Die Maschine kann rotierte Trommel oder mit Gurt sein.<\/p>\n<h3>STUFE \u2018B\u2019: KOMPOSTIEREN<\/h3>\n<p>Das Produkt wird drau\u00dfen auf Haufen gelegt und m\u00fcssen regelmassig bewogen werden mit ein mechanische Umsturzmachine f\u00fcr eine korrekte Trocknung und Fermentierung.<\/p>\n<h3>STUFE \u2018C\u2019: BUSCHEL AUSNEHMEN<\/h3>\n<p>Wir brauchen eine Maschine mit Eigenantrieb, so kann sie in die N\u00e4he des Rohprodukts positioniert werden. Sie nehmen eventuelle Buschel aus und mischt den Rohprodukt.<\/p>\n<h3>STUFE \u2018D\u2019: RAFFINIEREN<\/h3>\n<p>Die Maschine hat eine rotierte Trommel und das Rohprodukt kommt durch ein Raster auf.<\/p>\n<h3>STUFE \u2018E\u2019: PELLETIEREN<\/h3>\n<p>In den Kondionierer man kann Zutaten zuf\u00fcgen, bevor in die Pelletierm\u00fchle eingef\u00fchrt zu werden. Messer schneiden den Pellet in die gew\u00fcnschte L\u00e4nge.<\/p>\n<h3>STUFE \u2018F\u2019: KUHLEN<\/h3>\n<p>Der Pellet kommt ganz hei\u00df auf der Pelletierm\u00fchle, deshalb ist es notwendig den Pellet zu k\u00fchlen bis zu ungef\u00e4hr +5\u00b0C von der Raumtemperatur. So behaltet den Pellet den optimalen Status bevor verpackt zu werden. Die Maschine ist ein Gegenstrom K\u00fchler mit Luftaspiration und Wiedernutzung des Staubs.<\/p>\n<h3>STUFE \u2018G\u2019: SIEBEN<\/h3>\n<p>Der Pellet wird in diese Stufe ges\u00e4ubert vom Staub und werden zur\u00fcckgesendet in die Pelletierungstufe.<\/p>\n<h3>STUFE \u2018H\u2019: VERPACKEN<\/h3>\n<p>Der fertiger Pellet wird nach der Verpackungszone gesendet. Es kann in big-bag oder Sack verpackt werden. Die Verpack Maschinen k\u00f6nnen manuelle, halbautomatisch oder automatisch sein.[\/vc_column_text][\/vc_column][\/vc_row]<\/p>\n","protected":false},"excerpt":{"rendered":"<p>[vc_row][vc_column width=&#8220;2\/3&#8243;][vc_column_text] Wir bieten komplette Anlagen und Pelletierlinien f\u00fcr Kompost an.Zufolge die Anfrage unseren Anlagen haben unterschiedliche Eigenschaften und Kapazit\u00e4ten. Prozessstufen Die typischen Stufen der Anlagen f\u00fcr Pelletproduktion vom Kompost sind: : Stufe A: Sieben Stufe B: Kompostieren Stufe C: Buschel ausnehmen Stufe D: Raffinieren Stufe E: Pelletieren Stufe F: Kuhlen Stufe G: Sieben Stufe [&hellip;]<\/p>\n","protected":false},"author":1,"featured_media":6563,"parent":7051,"menu_order":37,"comment_status":"closed","ping_status":"closed","template":"pages-templates\/page-with-contact-cta.php","meta":{"_mi_skip_tracking":false},"acf":{"barra_cta":null,"immagine_barra_cta":null},"yoast_head":"<!-- This site is optimized with the Yoast SEO plugin v16.4 - https:\/\/yoast.com\/wordpress\/plugins\/seo\/ -->\n<title>Anlagen Behandlung e Produktion Kompost - General Dies<\/title>\n<meta name=\"description\" content=\"Wir bieten komplette Anlagen und Pelletierlinien an f\u00fcr die Behandlung und die Produktion von Kompostpellet. Lesen Sie weiter und kontaktieren Sie uns.\" \/>\n<meta name=\"robots\" content=\"index, follow, max-snippet:-1, max-image-preview:large, max-video-preview:-1\" \/>\n<link rel=\"canonical\" href=\"https:\/\/www.generaldies.com\/de\/pelletieranlagen\/kompostanlagen\/\" \/>\n<meta property=\"og:locale\" content=\"de_DE\" \/>\n<meta property=\"og:type\" content=\"article\" \/>\n<meta property=\"og:title\" content=\"Anlagen Behandlung e Produktion Kompost - General Dies\" \/>\n<meta property=\"og:description\" content=\"Wir bieten komplette Anlagen und Pelletierlinien an f\u00fcr die Behandlung und die Produktion von Kompostpellet. Lesen Sie weiter und kontaktieren Sie uns.\" \/>\n<meta property=\"og:url\" content=\"https:\/\/www.generaldies.com\/de\/pelletieranlagen\/kompostanlagen\/\" \/>\n<meta property=\"og:site_name\" content=\"General Dies\" \/>\n<meta property=\"article:modified_time\" content=\"2017-06-14T13:27:23+00:00\" \/>\n<meta property=\"og:image\" content=\"https:\/\/www.generaldies.com\/wp-content\/uploads\/2017\/03\/compost.jpg\" \/>\n\t<meta property=\"og:image:width\" content=\"1249\" \/>\n\t<meta property=\"og:image:height\" content=\"600\" \/>\n<meta name=\"twitter:card\" content=\"summary\" \/>\n<meta name=\"twitter:label1\" content=\"Gesch\u00e4tzte Lesezeit\" \/>\n\t<meta name=\"twitter:data1\" content=\"2\u00a0Minuten\" \/>\n<script type=\"application\/ld+json\" class=\"yoast-schema-graph\">{\"@context\":\"https:\/\/schema.org\",\"@graph\":[{\"@type\":\"WebSite\",\"@id\":\"https:\/\/www.generaldies.com\/it\/#website\",\"url\":\"https:\/\/www.generaldies.com\/it\/\",\"name\":\"General Dies\",\"description\":\"Dal 1960 al servizio della pellettatura\",\"potentialAction\":[{\"@type\":\"SearchAction\",\"target\":\"https:\/\/www.generaldies.com\/it\/?s={search_term_string}\",\"query-input\":\"required name=search_term_string\"}],\"inLanguage\":\"de\"},{\"@type\":\"ImageObject\",\"@id\":\"https:\/\/www.generaldies.com\/de\/pelletieranlagen\/kompostanlagen\/#primaryimage\",\"inLanguage\":\"de\",\"url\":\"https:\/\/www.generaldies.com\/wp-content\/uploads\/2017\/03\/compost.jpg\",\"contentUrl\":\"https:\/\/www.generaldies.com\/wp-content\/uploads\/2017\/03\/compost.jpg\",\"width\":1249,\"height\":600,\"caption\":\"dav\"},{\"@type\":\"WebPage\",\"@id\":\"https:\/\/www.generaldies.com\/de\/pelletieranlagen\/kompostanlagen\/#webpage\",\"url\":\"https:\/\/www.generaldies.com\/de\/pelletieranlagen\/kompostanlagen\/\",\"name\":\"Anlagen Behandlung e Produktion Kompost - General Dies\",\"isPartOf\":{\"@id\":\"https:\/\/www.generaldies.com\/it\/#website\"},\"primaryImageOfPage\":{\"@id\":\"https:\/\/www.generaldies.com\/de\/pelletieranlagen\/kompostanlagen\/#primaryimage\"},\"datePublished\":\"2017-06-14T13:27:22+00:00\",\"dateModified\":\"2017-06-14T13:27:23+00:00\",\"description\":\"Wir bieten komplette Anlagen und Pelletierlinien an f\\u00fcr die Behandlung und die Produktion von Kompostpellet. Lesen Sie weiter und kontaktieren Sie uns.\",\"breadcrumb\":{\"@id\":\"https:\/\/www.generaldies.com\/de\/pelletieranlagen\/kompostanlagen\/#breadcrumb\"},\"inLanguage\":\"de\",\"potentialAction\":[{\"@type\":\"ReadAction\",\"target\":[\"https:\/\/www.generaldies.com\/de\/pelletieranlagen\/kompostanlagen\/\"]}]},{\"@type\":\"BreadcrumbList\",\"@id\":\"https:\/\/www.generaldies.com\/de\/pelletieranlagen\/kompostanlagen\/#breadcrumb\",\"itemListElement\":[{\"@type\":\"ListItem\",\"position\":1,\"item\":{\"@type\":\"WebPage\",\"@id\":\"https:\/\/www.generaldies.com\/de\/\",\"url\":\"https:\/\/www.generaldies.com\/de\/\",\"name\":\"Home\"}},{\"@type\":\"ListItem\",\"position\":2,\"item\":{\"@type\":\"WebPage\",\"@id\":\"https:\/\/www.generaldies.com\/de\/pelletieranlagen\/\",\"url\":\"https:\/\/www.generaldies.com\/de\/pelletieranlagen\/\",\"name\":\"Pelletieranlagen\"}},{\"@type\":\"ListItem\",\"position\":3,\"item\":{\"@id\":\"https:\/\/www.generaldies.com\/de\/pelletieranlagen\/kompostanlagen\/#webpage\"}}]}]}<\/script>\n<!-- \/ Yoast SEO plugin. -->","_links":{"self":[{"href":"https:\/\/www.generaldies.com\/de\/wp-json\/wp\/v2\/pages\/7080"}],"collection":[{"href":"https:\/\/www.generaldies.com\/de\/wp-json\/wp\/v2\/pages"}],"about":[{"href":"https:\/\/www.generaldies.com\/de\/wp-json\/wp\/v2\/types\/page"}],"author":[{"embeddable":true,"href":"https:\/\/www.generaldies.com\/de\/wp-json\/wp\/v2\/users\/1"}],"replies":[{"embeddable":true,"href":"https:\/\/www.generaldies.com\/de\/wp-json\/wp\/v2\/comments?post=7080"}],"version-history":[{"count":2,"href":"https:\/\/www.generaldies.com\/de\/wp-json\/wp\/v2\/pages\/7080\/revisions"}],"predecessor-version":[{"id":7082,"href":"https:\/\/www.generaldies.com\/de\/wp-json\/wp\/v2\/pages\/7080\/revisions\/7082"}],"up":[{"embeddable":true,"href":"https:\/\/www.generaldies.com\/de\/wp-json\/wp\/v2\/pages\/7051"}],"wp:featuredmedia":[{"embeddable":true,"href":"https:\/\/www.generaldies.com\/de\/wp-json\/wp\/v2\/media\/6563"}],"wp:attachment":[{"href":"https:\/\/www.generaldies.com\/de\/wp-json\/wp\/v2\/media?parent=7080"}],"curies":[{"name":"wp","href":"https:\/\/api.w.org\/{rel}","templated":true}]}}