{"id":7070,"date":"2017-06-14T15:19:35","date_gmt":"2017-06-14T13:19:35","guid":{"rendered":"https:\/\/www.generaldies.com\/pelletieranlagen\/futteranlagen\/"},"modified":"2017-06-14T15:19:36","modified_gmt":"2017-06-14T13:19:36","slug":"futteranlagen","status":"publish","type":"page","link":"https:\/\/www.generaldies.com\/de\/pelletieranlagen\/futteranlagen\/","title":{"rendered":"Futteranlagen"},"content":{"rendered":"<p>[vc_row][vc_column width=&#8220;2\/3&#8243;][vc_column_text]<\/p>\n<p><img loading=\"lazy\" class=\"wp-image-4482 size-medium alignleft\" src=\"https:\/\/www.generaldies.com\/wp-content\/uploads\/2017\/03\/Linea-pellettatura-mangime-300x225.jpg\" alt=\"linee pellettatura mangime\" width=\"300\" height=\"225\" data-mce-src=\"https:\/\/www.generaldies.com\/wp-content\/uploads\/2017\/03\/Linea-pellettatura-mangime-300x225.jpg\" srcset=\"https:\/\/www.generaldies.com\/wp-content\/uploads\/2017\/03\/Linea-pellettatura-mangime-300x225.jpg 300w, https:\/\/www.generaldies.com\/wp-content\/uploads\/2017\/03\/Linea-pellettatura-mangime-768x576.jpg 768w, https:\/\/www.generaldies.com\/wp-content\/uploads\/2017\/03\/Linea-pellettatura-mangime.jpg 800w\" sizes=\"(max-width: 300px) 100vw, 300px\" \/>Wir bieten komplette Anlagen und Pelletierlinien f\u00fcr Tierfutter an. <br \/>Zufolge die Anfrage unseren Anlagen haben unterschiedliche Eigenschaften und Kapazit\u00e4ten. <\/p>\n<p>Prozessstufen<\/p>\n<p>Die typischen Stufen der Anlagen f\u00fcr Pelletproduktion vom Tierfutter sind:<\/p>\n<ul>\n<li>Stufe A: Empfangen und Lager des Rohstoffes<\/li>\n<li>Stufe B: Dosierung Komponenten <\/li>\n<li>Stufe C: Zerkleinern <\/li>\n<li>Stufe D: Mischung und Zuf\u00fcgung des Mikro-Komponenten <\/li>\n<li>Stufe E: Lager Mehl und Pelletieren<\/li>\n<li>Stufe F: K\u00fchlung, Sieben, Zur\u00fcckbringen Staub <\/li>\n<li>Stufe G: Lager fertiges Produkt <\/li>\n<li>Stufe H: Verpackung <\/li>\n<\/ul>\n<p>[\/vc_column_text][\/vc_column][vc_column width=&#8220;1\/3&#8243;][vc_single_image image=&#8220;3360&#8243; img_size=&#8220;large&#8220;][vc_single_image image=&#8220;4455&#8243; img_size=&#8220;large&#8220;][\/vc_column][\/vc_row][vc_row][vc_column][vc_separator css=&#8220;.vc_custom_1488874858284{margin-top: 50px !important;margin-bottom: 50px !important;}&#8220;][\/vc_column][\/vc_row][vc_row][vc_column][vc_single_image image=&#8220;4575&#8243; img_size=&#8220;large&#8220; alignment=&#8220;center&#8220;][vc_column_text]<\/p>\n<h3>STUFE A \u2013 DOSIERUNG KOMPONENTEN<\/h3>\n<p>Es ist die Anfangsphase des Prozess, in dem es die Zufuhr von Substanzen, die f\u00fcr die Formulierung des Gemisches n\u00f6tig sein, um der Produkt zu erzeugen. Normalerweise wird ein Aufnahmegrube vorgesehen, wo sie die Menge Rohstoffe, die f\u00fcr die Formulierung der Mischung n\u00f6tig sein ausgetragen werden. Durch F\u00f6rderschnecken mit Extraktion und Elevators wird die Substanz in die Vorratssilos geladen.<\/p>\n<h3>STUFE B \u2013 DOSIERUNG KOMPONENTEN<\/h3>\n<p>Die Rohstoffe werden durch F\u00f6rderschnecken nach die Waage transportiert, wo sie f\u00fcr die Erzeugung der Grundrezeptur werden gewogen und dosiert.<\/p>\n<h3>STUFE C &#8211; ZERKLEINERN<\/h3>\n<p>Das Material, die eine Verringerung der Gr\u00f6\u00dfe erfordern, gehen durch eine Hammerm\u00fchle, um die Partikelgr\u00f6\u00dfe f\u00fcr die nachfolgenden Schritte, zu erreichen.<\/p>\n<h3>STUFE D &#8211; MISCHUNG UND ZUF\u00dcGUNG DES MIKRO-KOMPONENTEN<\/h3>\n<p>Das Produkt wird in einen Horizontalmischer geladen, in dem f\u00fcr eine gegebene Zeit gemischt und homogenisiert wird; In diesem Stadium k\u00f6nnen Sie auch andere Mikrokomponenten, wie zum Beispiel Nahrungserg\u00e4nzungsmittel oder Zusatzstoffe f\u00fcr die Formulierung von Gemischen Anforderungen erforderlich hinf\u00fcgen.<\/p>\n<h3>STUFE E &#8211; LAGER MEHL UND PELLETIEREN<\/h3>\n<p>Das Produkt ist fertig und kann nach die Lieferung gesendet werden oder pelletiert werden.<br \/>\nDas Produkt wird mit Hilfe der Konditionierer gemischt und homogenisiert und es ist m\u00f6glich Dampf, Melasse, Fett oder andere Bestandteile einzuf\u00fchren, bevor es in die Pelletierm\u00fchle verarbeitet werden. Au\u00dfen gibt es einstellbare Messer vor der Pellets auf die gew\u00fcnschte L\u00e4nge zu schnitten.<\/p>\n<h3>STUFE F &#8211; K\u00dcHLUNG, SIEBEN, ZUR\u00dcCKBRINGEN STAUB<\/h3>\n<p>Der Pellet kommt ganz hei\u00df auf der Pelletierm\u00fchle, deshalb ist es notwendig den Pellet zu k\u00fchlen bis zu ungef\u00e4hr +5\u00b0C von der Raumtemperatur. So behaltet den Pellet den optimalen Status bevor verpackt zu werden.<br \/>\nDer Pellet wird in diese Stufe ges\u00e4ubert vom Staub und werden zur\u00fcckgesendet in die Pelletierungstufe.<\/p>\n<h3>STUFE G &#8211; LAGER ENDPRODUKT<\/h3>\n<p>Das Endprodukt wird in den Lagersilos vor der Auslieferung \u00fcbertragen; das Produkt kann in der Masse auf Lastwagen ausgeliefert werden oder \u00fcbertragen auf den Schritt des Absacken geladen werden.<\/p>\n<h3>STUFE H \u2013 VERPACKUNG<\/h3>\n<p>Der fertiger Pellet wird nach der Verpackungszone gesendet. Es kann in big-bag oder Sack verpackt werden. Die Verpack Maschinen k\u00f6nnen manuelle, halbautomatisch oder automatisch sein.[\/vc_column_text][\/vc_column][\/vc_row]<\/p>\n","protected":false},"excerpt":{"rendered":"<p>[vc_row][vc_column width=&#8220;2\/3&#8243;][vc_column_text] Wir bieten komplette Anlagen und Pelletierlinien f\u00fcr Tierfutter an. Zufolge die Anfrage unseren Anlagen haben unterschiedliche Eigenschaften und Kapazit\u00e4ten. Prozessstufen Die typischen Stufen der Anlagen f\u00fcr Pelletproduktion vom Tierfutter sind: Stufe A: Empfangen und Lager des Rohstoffes Stufe B: Dosierung Komponenten Stufe C: Zerkleinern Stufe D: Mischung und Zuf\u00fcgung des Mikro-Komponenten Stufe E: [&hellip;]<\/p>\n","protected":false},"author":1,"featured_media":6557,"parent":7051,"menu_order":43,"comment_status":"closed","ping_status":"closed","template":"pages-templates\/page-with-contact-cta.php","meta":{"_mi_skip_tracking":false},"acf":{"barra_cta":null,"immagine_barra_cta":null},"yoast_head":"<!-- This site is optimized with the Yoast SEO plugin v16.4 - https:\/\/yoast.com\/wordpress\/plugins\/seo\/ -->\n<title>Anlagen Pelletierung e Produktion Tierfutter - General Dies<\/title>\n<meta name=\"description\" content=\"Wir bieten komplette Anlagen und Pelletierlinien an f\u00fcr die Behandlung und die Produktion von Tierfutterpellet, personalisiert f\u00fcr unseren Kunden.\" \/>\n<meta name=\"robots\" content=\"index, follow, max-snippet:-1, max-image-preview:large, max-video-preview:-1\" \/>\n<link rel=\"canonical\" href=\"https:\/\/www.generaldies.com\/de\/pelletieranlagen\/futteranlagen\/\" \/>\n<meta property=\"og:locale\" content=\"de_DE\" \/>\n<meta property=\"og:type\" content=\"article\" \/>\n<meta property=\"og:title\" content=\"Anlagen Pelletierung e Produktion Tierfutter - General Dies\" \/>\n<meta property=\"og:description\" content=\"Wir bieten komplette Anlagen und Pelletierlinien an f\u00fcr die Behandlung und die Produktion von Tierfutterpellet, personalisiert f\u00fcr unseren Kunden.\" \/>\n<meta property=\"og:url\" content=\"https:\/\/www.generaldies.com\/de\/pelletieranlagen\/futteranlagen\/\" \/>\n<meta property=\"og:site_name\" content=\"General Dies\" \/>\n<meta property=\"article:modified_time\" content=\"2017-06-14T13:19:36+00:00\" \/>\n<meta property=\"og:image\" content=\"https:\/\/www.generaldies.com\/wp-content\/uploads\/2017\/03\/mangime-1.jpg\" \/>\n\t<meta property=\"og:image:width\" content=\"1202\" \/>\n\t<meta property=\"og:image:height\" content=\"600\" \/>\n<meta name=\"twitter:card\" content=\"summary\" \/>\n<meta name=\"twitter:label1\" content=\"Gesch\u00e4tzte Lesezeit\" \/>\n\t<meta name=\"twitter:data1\" content=\"3\u00a0Minuten\" \/>\n<script type=\"application\/ld+json\" class=\"yoast-schema-graph\">{\"@context\":\"https:\/\/schema.org\",\"@graph\":[{\"@type\":\"WebSite\",\"@id\":\"https:\/\/www.generaldies.com\/it\/#website\",\"url\":\"https:\/\/www.generaldies.com\/it\/\",\"name\":\"General Dies\",\"description\":\"Dal 1960 al servizio della pellettatura\",\"potentialAction\":[{\"@type\":\"SearchAction\",\"target\":\"https:\/\/www.generaldies.com\/it\/?s={search_term_string}\",\"query-input\":\"required name=search_term_string\"}],\"inLanguage\":\"de\"},{\"@type\":\"ImageObject\",\"@id\":\"https:\/\/www.generaldies.com\/de\/pelletieranlagen\/futteranlagen\/#primaryimage\",\"inLanguage\":\"de\",\"url\":\"https:\/\/www.generaldies.com\/wp-content\/uploads\/2017\/03\/mangime-1.jpg\",\"contentUrl\":\"https:\/\/www.generaldies.com\/wp-content\/uploads\/2017\/03\/mangime-1.jpg\",\"width\":1202,\"height\":600,\"caption\":\"dav\"},{\"@type\":\"WebPage\",\"@id\":\"https:\/\/www.generaldies.com\/de\/pelletieranlagen\/futteranlagen\/#webpage\",\"url\":\"https:\/\/www.generaldies.com\/de\/pelletieranlagen\/futteranlagen\/\",\"name\":\"Anlagen Pelletierung e Produktion Tierfutter - General Dies\",\"isPartOf\":{\"@id\":\"https:\/\/www.generaldies.com\/it\/#website\"},\"primaryImageOfPage\":{\"@id\":\"https:\/\/www.generaldies.com\/de\/pelletieranlagen\/futteranlagen\/#primaryimage\"},\"datePublished\":\"2017-06-14T13:19:35+00:00\",\"dateModified\":\"2017-06-14T13:19:36+00:00\",\"description\":\"Wir bieten komplette Anlagen und Pelletierlinien an f\\u00fcr die Behandlung und die Produktion von Tierfutterpellet, personalisiert f\\u00fcr unseren Kunden.\",\"breadcrumb\":{\"@id\":\"https:\/\/www.generaldies.com\/de\/pelletieranlagen\/futteranlagen\/#breadcrumb\"},\"inLanguage\":\"de\",\"potentialAction\":[{\"@type\":\"ReadAction\",\"target\":[\"https:\/\/www.generaldies.com\/de\/pelletieranlagen\/futteranlagen\/\"]}]},{\"@type\":\"BreadcrumbList\",\"@id\":\"https:\/\/www.generaldies.com\/de\/pelletieranlagen\/futteranlagen\/#breadcrumb\",\"itemListElement\":[{\"@type\":\"ListItem\",\"position\":1,\"item\":{\"@type\":\"WebPage\",\"@id\":\"https:\/\/www.generaldies.com\/de\/\",\"url\":\"https:\/\/www.generaldies.com\/de\/\",\"name\":\"Home\"}},{\"@type\":\"ListItem\",\"position\":2,\"item\":{\"@type\":\"WebPage\",\"@id\":\"https:\/\/www.generaldies.com\/de\/pelletieranlagen\/\",\"url\":\"https:\/\/www.generaldies.com\/de\/pelletieranlagen\/\",\"name\":\"Pelletieranlagen\"}},{\"@type\":\"ListItem\",\"position\":3,\"item\":{\"@id\":\"https:\/\/www.generaldies.com\/de\/pelletieranlagen\/futteranlagen\/#webpage\"}}]}]}<\/script>\n<!-- \/ Yoast SEO plugin. -->","_links":{"self":[{"href":"https:\/\/www.generaldies.com\/de\/wp-json\/wp\/v2\/pages\/7070"}],"collection":[{"href":"https:\/\/www.generaldies.com\/de\/wp-json\/wp\/v2\/pages"}],"about":[{"href":"https:\/\/www.generaldies.com\/de\/wp-json\/wp\/v2\/types\/page"}],"author":[{"embeddable":true,"href":"https:\/\/www.generaldies.com\/de\/wp-json\/wp\/v2\/users\/1"}],"replies":[{"embeddable":true,"href":"https:\/\/www.generaldies.com\/de\/wp-json\/wp\/v2\/comments?post=7070"}],"version-history":[{"count":2,"href":"https:\/\/www.generaldies.com\/de\/wp-json\/wp\/v2\/pages\/7070\/revisions"}],"predecessor-version":[{"id":7072,"href":"https:\/\/www.generaldies.com\/de\/wp-json\/wp\/v2\/pages\/7070\/revisions\/7072"}],"up":[{"embeddable":true,"href":"https:\/\/www.generaldies.com\/de\/wp-json\/wp\/v2\/pages\/7051"}],"wp:featuredmedia":[{"embeddable":true,"href":"https:\/\/www.generaldies.com\/de\/wp-json\/wp\/v2\/media\/6557"}],"wp:attachment":[{"href":"https:\/\/www.generaldies.com\/de\/wp-json\/wp\/v2\/media?parent=7070"}],"curies":[{"name":"wp","href":"https:\/\/api.w.org\/{rel}","templated":true}]}}