{"id":7059,"date":"2017-06-14T15:09:08","date_gmt":"2017-06-14T13:09:08","guid":{"rendered":"https:\/\/www.generaldies.com\/pelletieranlagen\/pelletieranlagen\/"},"modified":"2017-07-03T09:50:44","modified_gmt":"2017-07-03T07:50:44","slug":"pelletieranlagen","status":"publish","type":"page","link":"https:\/\/www.generaldies.com\/de\/pelletieranlagen\/pelletieranlagen\/","title":{"rendered":"Pelletieranlagen"},"content":{"rendered":"<p>[vc_row][vc_column width=&#8220;2\/3&#8243;][vc_column_text]<img loading=\"lazy\" class=\"wp-image-3360 size-medium alignleft\" src=\"https:\/\/www.generaldies.com\/wp-content\/uploads\/2017\/03\/Mangimifico-Animal-feed-plant-300x225.jpg\" alt=\"\" width=\"300\" height=\"225\" srcset=\"https:\/\/www.generaldies.com\/wp-content\/uploads\/2017\/03\/Mangimifico-Animal-feed-plant-300x225.jpg 300w, https:\/\/www.generaldies.com\/wp-content\/uploads\/2017\/03\/Mangimifico-Animal-feed-plant-768x576.jpg 768w, https:\/\/www.generaldies.com\/wp-content\/uploads\/2017\/03\/Mangimifico-Animal-feed-plant-1024x768.jpg 1024w, https:\/\/www.generaldies.com\/wp-content\/uploads\/2017\/03\/Mangimifico-Animal-feed-plant-800x600.jpg 800w, https:\/\/www.generaldies.com\/wp-content\/uploads\/2017\/03\/Mangimifico-Animal-feed-plant.jpg 1400w\" sizes=\"(max-width: 300px) 100vw, 300px\" \/>Das tiefgehende Studium der Problematiken der Kunden hat es uns m\u00f6glich gemacht, eine breite Kasuistik an L\u00f6sungen zu finden, die es uns, zusammen mit der Ausbildung unserer Techniker erm\u00f6glicht, einen komplexen Beratungs- und Kundendienst anzubieten und zu garantieren: von der Planung bis zur Herstellung oder Ver\u00e4nderung des Werkstucks, der Maschine oder der Anlage bis hin zur Installation, Inbetriebnahme, der technischen Hilfe f\u00fcr den Bediener und der programmierten Wartung usw.<\/p>\n<p>Unser spezialisierter Techniker machen Forschung und Problemlosung; zusichern maximale Effektivit\u00e4t der Vollendung des Projekts und unterstutzen die Montage in die Baustatte und die Fertigstellung.[\/vc_column_text][\/vc_column][vc_column width=&#8220;1\/3&#8243;][vc_single_image image=&#8220;4455&#8243; img_size=&#8220;large&#8220;][\/vc_column][\/vc_row][vc_row][vc_column][vc_separator css=&#8220;.vc_custom_1488874858284{margin-top: 50px !important;margin-bottom: 50px !important;}&#8220;][\/vc_column][\/vc_row][vc_row][vc_column el_class=&#8220;box-altra-pagina&#8220;][vc_single_image image=&#8220;6554&#8243; img_size=&#8220;full&#8220; onclick=&#8220;custom_link&#8220; link=&#8220;https:\/\/www.generaldies.com\/impianti-pellet\/impianti-per-mangime\/&#8220;][vc_column_text]FUTTERANLAGEN[\/vc_column_text][\/vc_column][vc_column width=&#8220;1\/2&#8243; el_class=&#8220;box-altra-pagina&#8220;][vc_single_image image=&#8220;6560&#8243; img_size=&#8220;list-image&#8220; onclick=&#8220;custom_link&#8220; link=&#8220;https:\/\/www.generaldies.com\/it\/impianti-pellet\/impianti-per-compost\/&#8220;][vc_column_text]KOMPOSTANLAGEN[\/vc_column_text][\/vc_column][vc_column width=&#8220;1\/2&#8243; el_class=&#8220;box-altra-pagina&#8220;][vc_single_image image=&#8220;6567&#8243; img_size=&#8220;list-image&#8220; onclick=&#8220;custom_link&#8220; link=&#8220;https:\/\/www.generaldies.com\/it\/impianti-pellet\/impianti-paglia-fieno-erba\/&#8220;][vc_column_text]STROH-, HEU-, ALFALFAANLAGEN[\/vc_column_text][\/vc_column][\/vc_row][vc_row][vc_column width=&#8220;1\/2&#8243; el_class=&#8220;box-altra-pagina&#8220;][vc_single_image image=&#8220;33&#8243; img_size=&#8220;list-image&#8220; onclick=&#8220;custom_link&#8220; link=&#8220;https:\/\/www.generaldies.com\/it\/impianti-pellet\/impianti-legno-biomassa\/&#8220;][vc_column_text]HOLZ- UND BIOMASSEANLAGEN[\/vc_column_text][\/vc_column][vc_column width=&#8220;1\/2&#8243; el_class=&#8220;box-altra-pagina&#8220;][vc_single_image image=&#8220;4774&#8243; img_size=&#8220;list-image&#8220; onclick=&#8220;custom_link&#8220; link=&#8220;https:\/\/www.generaldies.com\/it\/impianti-pellet\/impianti-per-plastica\/&#8220;][vc_column_text]PLASTIKANLAGEN[\/vc_column_text][\/vc_column][\/vc_row][vc_row][vc_column][vc_column_text]<\/p>\n<h3>Siehe auch:<\/h3>\n<ul>\n<li><a href=\"https:\/\/www.generaldies.com\/de\/dienstleistungen\/anlagen-planung\/\">Anlagen Planung<\/a><\/li>\n<li><a href=\"https:\/\/www.generaldies.com\/de\/dienstleistungen\/erneuerung-anlages\/\">Erneuerung Anlages<\/a><\/li>\n<li><a href=\"https:\/\/www.generaldies.com\/de\/dienstleistungen\/beratung-und-unterstutzung\/\">Beratung und Unterstutzung<\/a><\/li>\n<li><a href=\"https:\/\/www.generaldies.com\/de\/dienstleistungen\/dienstleistungen-und-wartung\/\">Dienstleistungen und Wartung<\/a><\/li>\n<li><a href=\"https:\/\/www.generaldies.com\/de\/dienstleistungen\/automatisierung-maschinen-und-anlagen\/\">Automatisierung Maschinen und Anlagen<\/a><\/li>\n<\/ul>\n<p>[\/vc_column_text][\/vc_column][\/vc_row]<\/p>\n","protected":false},"excerpt":{"rendered":"<p>[vc_row][vc_column width=&#8220;2\/3&#8243;][vc_column_text]Das tiefgehende Studium der Problematiken der Kunden hat es uns m\u00f6glich gemacht, eine breite Kasuistik an L\u00f6sungen zu finden, die es uns, zusammen mit der Ausbildung unserer Techniker erm\u00f6glicht, einen komplexen Beratungs- und Kundendienst anzubieten und zu garantieren: von der Planung bis zur Herstellung oder Ver\u00e4nderung des Werkstucks, der Maschine oder der Anlage bis [&hellip;]<\/p>\n","protected":false},"author":1,"featured_media":4493,"parent":7051,"menu_order":105,"comment_status":"closed","ping_status":"closed","template":"","meta":{"_mi_skip_tracking":false},"acf":{"barra_cta":false},"yoast_head":"<!-- This site is optimized with the Yoast SEO plugin v16.4 - https:\/\/yoast.com\/wordpress\/plugins\/seo\/ -->\n<title>Komplette Anlagen f\u00fcr Produktion Pellet - General Dies<\/title>\n<meta name=\"description\" content=\"Wir entw\u00fcrfen und herstellen Anlagen f\u00fcr die Produktion von Pellet, und bieten eine gro\u00dfe Auswahl von personalisierte Losungen. Lesen Sie weiter.\" \/>\n<meta name=\"robots\" content=\"index, follow, max-snippet:-1, max-image-preview:large, max-video-preview:-1\" \/>\n<link rel=\"canonical\" href=\"https:\/\/www.generaldies.com\/de\/pelletieranlagen\/pelletieranlagen\/\" \/>\n<meta property=\"og:locale\" content=\"de_DE\" \/>\n<meta property=\"og:type\" content=\"article\" \/>\n<meta property=\"og:title\" content=\"Komplette Anlagen f\u00fcr Produktion Pellet - General Dies\" \/>\n<meta property=\"og:description\" content=\"Wir entw\u00fcrfen und herstellen Anlagen f\u00fcr die Produktion von Pellet, und bieten eine gro\u00dfe Auswahl von personalisierte Losungen. Lesen Sie weiter.\" \/>\n<meta property=\"og:url\" content=\"https:\/\/www.generaldies.com\/de\/pelletieranlagen\/pelletieranlagen\/\" \/>\n<meta property=\"og:site_name\" content=\"General Dies\" \/>\n<meta property=\"article:modified_time\" content=\"2017-07-03T07:50:44+00:00\" \/>\n<meta property=\"og:image\" content=\"https:\/\/www.generaldies.com\/wp-content\/uploads\/2017\/03\/impianti-completi-testata.jpeg\" \/>\n\t<meta property=\"og:image:width\" content=\"1024\" \/>\n\t<meta property=\"og:image:height\" content=\"698\" \/>\n<meta name=\"twitter:card\" content=\"summary\" \/>\n<meta name=\"twitter:label1\" content=\"Gesch\u00e4tzte Lesezeit\" \/>\n\t<meta name=\"twitter:data1\" content=\"2\u00a0Minuten\" \/>\n<script type=\"application\/ld+json\" class=\"yoast-schema-graph\">{\"@context\":\"https:\/\/schema.org\",\"@graph\":[{\"@type\":\"WebSite\",\"@id\":\"https:\/\/www.generaldies.com\/it\/#website\",\"url\":\"https:\/\/www.generaldies.com\/it\/\",\"name\":\"General Dies\",\"description\":\"Dal 1960 al servizio della pellettatura\",\"potentialAction\":[{\"@type\":\"SearchAction\",\"target\":\"https:\/\/www.generaldies.com\/it\/?s={search_term_string}\",\"query-input\":\"required name=search_term_string\"}],\"inLanguage\":\"de\"},{\"@type\":\"ImageObject\",\"@id\":\"https:\/\/www.generaldies.com\/de\/pelletieranlagen\/pelletieranlagen\/#primaryimage\",\"inLanguage\":\"de\",\"url\":\"https:\/\/www.generaldies.com\/wp-content\/uploads\/2017\/03\/impianti-completi-testata.jpeg\",\"contentUrl\":\"https:\/\/www.generaldies.com\/wp-content\/uploads\/2017\/03\/impianti-completi-testata.jpeg\",\"width\":1024,\"height\":698},{\"@type\":\"WebPage\",\"@id\":\"https:\/\/www.generaldies.com\/de\/pelletieranlagen\/pelletieranlagen\/#webpage\",\"url\":\"https:\/\/www.generaldies.com\/de\/pelletieranlagen\/pelletieranlagen\/\",\"name\":\"Komplette Anlagen f\\u00fcr Produktion Pellet - General Dies\",\"isPartOf\":{\"@id\":\"https:\/\/www.generaldies.com\/it\/#website\"},\"primaryImageOfPage\":{\"@id\":\"https:\/\/www.generaldies.com\/de\/pelletieranlagen\/pelletieranlagen\/#primaryimage\"},\"datePublished\":\"2017-06-14T13:09:08+00:00\",\"dateModified\":\"2017-07-03T07:50:44+00:00\",\"description\":\"Wir entw\\u00fcrfen und herstellen Anlagen f\\u00fcr die Produktion von Pellet, und bieten eine gro\\u00dfe Auswahl von personalisierte Losungen. Lesen Sie weiter.\",\"breadcrumb\":{\"@id\":\"https:\/\/www.generaldies.com\/de\/pelletieranlagen\/pelletieranlagen\/#breadcrumb\"},\"inLanguage\":\"de\",\"potentialAction\":[{\"@type\":\"ReadAction\",\"target\":[\"https:\/\/www.generaldies.com\/de\/pelletieranlagen\/pelletieranlagen\/\"]}]},{\"@type\":\"BreadcrumbList\",\"@id\":\"https:\/\/www.generaldies.com\/de\/pelletieranlagen\/pelletieranlagen\/#breadcrumb\",\"itemListElement\":[{\"@type\":\"ListItem\",\"position\":1,\"item\":{\"@type\":\"WebPage\",\"@id\":\"https:\/\/www.generaldies.com\/de\/\",\"url\":\"https:\/\/www.generaldies.com\/de\/\",\"name\":\"Home\"}},{\"@type\":\"ListItem\",\"position\":2,\"item\":{\"@type\":\"WebPage\",\"@id\":\"https:\/\/www.generaldies.com\/de\/pelletieranlagen\/\",\"url\":\"https:\/\/www.generaldies.com\/de\/pelletieranlagen\/\",\"name\":\"Pelletieranlagen\"}},{\"@type\":\"ListItem\",\"position\":3,\"item\":{\"@id\":\"https:\/\/www.generaldies.com\/de\/pelletieranlagen\/pelletieranlagen\/#webpage\"}}]}]}<\/script>\n<!-- \/ Yoast SEO plugin. -->","_links":{"self":[{"href":"https:\/\/www.generaldies.com\/de\/wp-json\/wp\/v2\/pages\/7059"}],"collection":[{"href":"https:\/\/www.generaldies.com\/de\/wp-json\/wp\/v2\/pages"}],"about":[{"href":"https:\/\/www.generaldies.com\/de\/wp-json\/wp\/v2\/types\/page"}],"author":[{"embeddable":true,"href":"https:\/\/www.generaldies.com\/de\/wp-json\/wp\/v2\/users\/1"}],"replies":[{"embeddable":true,"href":"https:\/\/www.generaldies.com\/de\/wp-json\/wp\/v2\/comments?post=7059"}],"version-history":[{"count":8,"href":"https:\/\/www.generaldies.com\/de\/wp-json\/wp\/v2\/pages\/7059\/revisions"}],"predecessor-version":[{"id":7704,"href":"https:\/\/www.generaldies.com\/de\/wp-json\/wp\/v2\/pages\/7059\/revisions\/7704"}],"up":[{"embeddable":true,"href":"https:\/\/www.generaldies.com\/de\/wp-json\/wp\/v2\/pages\/7051"}],"wp:featuredmedia":[{"embeddable":true,"href":"https:\/\/www.generaldies.com\/de\/wp-json\/wp\/v2\/media\/4493"}],"wp:attachment":[{"href":"https:\/\/www.generaldies.com\/de\/wp-json\/wp\/v2\/media?parent=7059"}],"curies":[{"name":"wp","href":"https:\/\/api.w.org\/{rel}","templated":true}]}}