{"id":7013,"date":"2017-06-14T10:05:32","date_gmt":"2017-06-14T08:05:32","guid":{"rendered":"https:\/\/www.generaldies.com\/pelletier-muhle-und-andere-maschinen\/"},"modified":"2017-08-31T14:00:07","modified_gmt":"2017-08-31T12:00:07","slug":"pelletier-muhle-und-andere-maschinen","status":"publish","type":"page","link":"https:\/\/www.generaldies.com\/de\/pelletier-muhle-und-andere-maschinen\/","title":{"rendered":"Pelletierm\u00fchlen und andere Maschinen"},"content":{"rendered":"<p>[vc_row][vc_column][vc_column_text]Die von uns hergestellten Maschinen, vor allem Pelletier M\u00fchle, K\u00fchler, Kr\u00fcmmler und Sieber sind das Ergebnis einer in 60 Jahren erworbenen Erfahrung, gereift im Bereich der Herstellung von Maschinen, der Ersatzteilproduktion aller auf dem Markt vorhandenen Pelletier M\u00fchle, der F\u00fchrung und Wartung von Pellet Maschinen und Anlagen, der Revision, der Ab\u00e4nderung, der Reparatur von Maschinen anderer Marken.<\/p>\n<p>Eine aufmerksame Bewertung der Nachfrage und der Notwendigkeit des Kunden, eine sorgf\u00e4ltige Planung, eine technologisch fortschrittliche Maschinenproduktion und f\u00fcr die Produktion zust\u00e4ndiges, hochqualifiziertes Personal mit langj\u00e4hriger Erfahrung garantieren unseren Kunden Maschinen, die dauerhaft zuverl\u00e4ssig sind, eine hohe Produktivit\u00e4t besitzen und leicht zu fuhren und zu warten sind.[\/vc_column_text][\/vc_column][\/vc_row][vc_row][vc_column][vc_separator css=&#8220;.vc_custom_1488874858284{margin-top: 50px !important;margin-bottom: 50px !important;}&#8220;][\/vc_column][\/vc_row][vc_row][vc_column width=&#8220;1\/3&#8243; el_class=&#8220;box-altra-pagina&#8220;][vc_single_image image=&#8220;87&#8243; img_size=&#8220;list-image&#8220; onclick=&#8220;custom_link&#8220; link=&#8220;https:\/\/www.generaldies.com\/macchine\/presse-pellettatrici\/&#8220;][vc_column_text]Pelletier Muhle[\/vc_column_text][\/vc_column][vc_column width=&#8220;1\/3&#8243; el_class=&#8220;box-altra-pagina&#8220;][vc_single_image image=&#8220;4966&#8243; img_size=&#8220;list-image&#8220; onclick=&#8220;custom_link&#8220; link=&#8220;https:\/\/www.generaldies.com\/macchine\/raffreddatori\/&#8220;][vc_column_text]Kuhler[\/vc_column_text][\/vc_column][vc_column width=&#8220;1\/3&#8243; el_class=&#8220;box-altra-pagina&#8220;][vc_single_image image=&#8220;4420&#8243; img_size=&#8220;list-image&#8220; onclick=&#8220;custom_link&#8220; link=&#8220;https:\/\/www.generaldies.com\/macchine\/sbriciolatori\/&#8220;][vc_column_text]Krummler[\/vc_column_text][\/vc_column][\/vc_row][vc_row][vc_column width=&#8220;1\/3&#8243; el_class=&#8220;box-altra-pagina&#8220;][vc_single_image image=&#8220;4977&#8243; img_size=&#8220;list-image&#8220; onclick=&#8220;custom_link&#8220; link=&#8220;https:\/\/www.generaldies.com\/macchine\/setacci\/&#8220;][vc_column_text]Siebe[\/vc_column_text][\/vc_column][vc_column width=&#8220;1\/3&#8243; el_class=&#8220;box-altra-pagina&#8220;][vc_single_image image=&#8220;1747&#8243; img_size=&#8220;list-image&#8220; onclick=&#8220;custom_link&#8220; link=&#8220;https:\/\/www.generaldies.com\/macchine\/altre-macchine\/&#8220;][vc_column_text]Andere Maschinen[\/vc_column_text][\/vc_column][vc_column width=&#8220;1\/3&#8243; el_class=&#8220;box-altra-pagina&#8220;][vc_single_image image=&#8220;4365&#8243; img_size=&#8220;list-image&#8220; onclick=&#8220;custom_link&#8220; link=&#8220;https:\/\/www.generaldies.com\/it\/macchine\/materiale-pronta-consegna\/&#8220;][vc_column_text]Fertigen Maschinen\/Produkte[\/vc_column_text][\/vc_column][\/vc_row]<\/p>\n","protected":false},"excerpt":{"rendered":"<p>[vc_row][vc_column][vc_column_text]Die von uns hergestellten Maschinen, vor allem Pelletier M\u00fchle, K\u00fchler, Kr\u00fcmmler und Sieber sind das Ergebnis einer in 60 Jahren erworbenen Erfahrung, gereift im Bereich der Herstellung von Maschinen, der Ersatzteilproduktion aller auf dem Markt vorhandenen Pelletier M\u00fchle, der F\u00fchrung und Wartung von Pellet Maschinen und Anlagen, der Revision, der Ab\u00e4nderung, der Reparatur von Maschinen [&hellip;]<\/p>\n","protected":false},"author":1,"featured_media":5464,"parent":0,"menu_order":134,"comment_status":"closed","ping_status":"closed","template":"","meta":{"_mi_skip_tracking":false},"acf":{"barra_cta":false},"yoast_head":"<!-- This site is optimized with the Yoast SEO plugin v16.4 - https:\/\/yoast.com\/wordpress\/plugins\/seo\/ -->\n<title>Pelletierm\u00fchle, K\u00fchler, Kr\u00fcmmer - General Dies<\/title>\n<meta name=\"description\" content=\"Sehen Sie unseren Maschinen und Ersatzteilen, Ergebnis von die f\u00fcnfzig Jahre Erfahrung unserer Techniker.\" \/>\n<meta name=\"robots\" content=\"index, follow, max-snippet:-1, max-image-preview:large, max-video-preview:-1\" \/>\n<link rel=\"canonical\" href=\"https:\/\/www.generaldies.com\/de\/pelletier-muhle-und-andere-maschinen\/\" \/>\n<meta property=\"og:locale\" content=\"de_DE\" \/>\n<meta property=\"og:type\" content=\"article\" \/>\n<meta property=\"og:title\" content=\"Pelletierm\u00fchle, K\u00fchler, Kr\u00fcmmer - General Dies\" \/>\n<meta property=\"og:description\" content=\"Sehen Sie unseren Maschinen und Ersatzteilen, Ergebnis von die f\u00fcnfzig Jahre Erfahrung unserer Techniker.\" \/>\n<meta property=\"og:url\" content=\"https:\/\/www.generaldies.com\/de\/pelletier-muhle-und-andere-maschinen\/\" \/>\n<meta property=\"og:site_name\" content=\"General Dies\" \/>\n<meta property=\"article:modified_time\" content=\"2017-08-31T12:00:07+00:00\" \/>\n<meta property=\"og:image\" content=\"https:\/\/www.generaldies.com\/wp-content\/uploads\/2017\/02\/slide4.jpg\" \/>\n\t<meta property=\"og:image:width\" content=\"1920\" \/>\n\t<meta property=\"og:image:height\" content=\"1080\" \/>\n<meta name=\"twitter:card\" content=\"summary\" \/>\n<meta name=\"twitter:label1\" content=\"Gesch\u00e4tzte Lesezeit\" \/>\n\t<meta name=\"twitter:data1\" content=\"2\u00a0Minuten\" \/>\n<script type=\"application\/ld+json\" class=\"yoast-schema-graph\">{\"@context\":\"https:\/\/schema.org\",\"@graph\":[{\"@type\":\"WebSite\",\"@id\":\"https:\/\/www.generaldies.com\/it\/#website\",\"url\":\"https:\/\/www.generaldies.com\/it\/\",\"name\":\"General Dies\",\"description\":\"Dal 1960 al servizio della pellettatura\",\"potentialAction\":[{\"@type\":\"SearchAction\",\"target\":\"https:\/\/www.generaldies.com\/it\/?s={search_term_string}\",\"query-input\":\"required name=search_term_string\"}],\"inLanguage\":\"de\"},{\"@type\":\"ImageObject\",\"@id\":\"https:\/\/www.generaldies.com\/de\/pelletier-muhle-und-andere-maschinen\/#primaryimage\",\"inLanguage\":\"de\",\"url\":\"https:\/\/www.generaldies.com\/wp-content\/uploads\/2017\/02\/slide4.jpg\",\"contentUrl\":\"https:\/\/www.generaldies.com\/wp-content\/uploads\/2017\/02\/slide4.jpg\",\"width\":1920,\"height\":1080},{\"@type\":\"WebPage\",\"@id\":\"https:\/\/www.generaldies.com\/de\/pelletier-muhle-und-andere-maschinen\/#webpage\",\"url\":\"https:\/\/www.generaldies.com\/de\/pelletier-muhle-und-andere-maschinen\/\",\"name\":\"Pelletierm\\u00fchle, K\\u00fchler, Kr\\u00fcmmer - General Dies\",\"isPartOf\":{\"@id\":\"https:\/\/www.generaldies.com\/it\/#website\"},\"primaryImageOfPage\":{\"@id\":\"https:\/\/www.generaldies.com\/de\/pelletier-muhle-und-andere-maschinen\/#primaryimage\"},\"datePublished\":\"2017-06-14T08:05:32+00:00\",\"dateModified\":\"2017-08-31T12:00:07+00:00\",\"description\":\"Sehen Sie unseren Maschinen und Ersatzteilen, Ergebnis von die f\\u00fcnfzig Jahre Erfahrung unserer Techniker.\",\"breadcrumb\":{\"@id\":\"https:\/\/www.generaldies.com\/de\/pelletier-muhle-und-andere-maschinen\/#breadcrumb\"},\"inLanguage\":\"de\",\"potentialAction\":[{\"@type\":\"ReadAction\",\"target\":[\"https:\/\/www.generaldies.com\/de\/pelletier-muhle-und-andere-maschinen\/\"]}]},{\"@type\":\"BreadcrumbList\",\"@id\":\"https:\/\/www.generaldies.com\/de\/pelletier-muhle-und-andere-maschinen\/#breadcrumb\",\"itemListElement\":[{\"@type\":\"ListItem\",\"position\":1,\"item\":{\"@type\":\"WebPage\",\"@id\":\"https:\/\/www.generaldies.com\/de\/\",\"url\":\"https:\/\/www.generaldies.com\/de\/\",\"name\":\"Home\"}},{\"@type\":\"ListItem\",\"position\":2,\"item\":{\"@id\":\"https:\/\/www.generaldies.com\/de\/pelletier-muhle-und-andere-maschinen\/#webpage\"}}]}]}<\/script>\n<!-- \/ Yoast SEO plugin. -->","_links":{"self":[{"href":"https:\/\/www.generaldies.com\/de\/wp-json\/wp\/v2\/pages\/7013"}],"collection":[{"href":"https:\/\/www.generaldies.com\/de\/wp-json\/wp\/v2\/pages"}],"about":[{"href":"https:\/\/www.generaldies.com\/de\/wp-json\/wp\/v2\/types\/page"}],"author":[{"embeddable":true,"href":"https:\/\/www.generaldies.com\/de\/wp-json\/wp\/v2\/users\/1"}],"replies":[{"embeddable":true,"href":"https:\/\/www.generaldies.com\/de\/wp-json\/wp\/v2\/comments?post=7013"}],"version-history":[{"count":8,"href":"https:\/\/www.generaldies.com\/de\/wp-json\/wp\/v2\/pages\/7013\/revisions"}],"predecessor-version":[{"id":7956,"href":"https:\/\/www.generaldies.com\/de\/wp-json\/wp\/v2\/pages\/7013\/revisions\/7956"}],"wp:featuredmedia":[{"embeddable":true,"href":"https:\/\/www.generaldies.com\/de\/wp-json\/wp\/v2\/media\/5464"}],"wp:attachment":[{"href":"https:\/\/www.generaldies.com\/de\/wp-json\/wp\/v2\/media?parent=7013"}],"curies":[{"name":"wp","href":"https:\/\/api.w.org\/{rel}","templated":true}]}}