{"id":6978,"date":"2017-06-13T17:34:32","date_gmt":"2017-06-13T15:34:32","guid":{"rendered":"https:\/\/www.generaldies.com\/matrizen-und-weitere-ersatzteile\/"},"modified":"2017-06-13T17:34:32","modified_gmt":"2017-06-13T15:34:32","slug":"matrizen-und-weitere-ersatzteile","status":"publish","type":"page","link":"https:\/\/www.generaldies.com\/de\/matrizen-und-weitere-ersatzteile\/","title":{"rendered":"Matrizen und weitere Ersatzteile"},"content":{"rendered":"<p>Einer in 60 Jahren erworbenen Erfahrung und ein unglaubliches Angebot von Zeichnungen macht es General Dies m\u00f6glich Matrizen, Kollerh\u00fclsen, Kollerrollen und weitere Ersatzteilen f\u00fcr alle auf dem Markt vorhandenen Pelletier M\u00fchle herzustellen.<\/p>\n<p>Wir herstellen auch pers\u00f6nliche Teile, basiert auf einer Zeichnung oder einem Muster, wir haben viele produktive Flexibilit\u00e4t. Au\u00dfer dem Angebot von Ersatzteilen f\u00fcr Pelletier M\u00fchle, herstellen wir Ersatzteilen f\u00fcr M\u00fchle, Kr\u00fcmmler und Extruder.<\/p>\n<p>Materialien erster Qualit\u00e4t, hochentwickelte Arbeitsprozesse, technologisch fortschrittliche Maschinen mit numerischer Kontrolle oder vollst\u00e4ndig automatisiert, f\u00fcr die Produktion zust\u00e4ndiges, hochqualifiziertes Personal mit langj\u00e4hriger Erfahrung, geeignete W\u00e4rmebehandlungen, Qualit\u00e4tskontrollen vor der Lieferung, aufmerksame \u00dcberpr\u00fcfung der vom Kunden geforderten Daten, Einlaufen des Werkstucks f\u00fcr einen sofortige Inbetriebnahme garantieren den Gebrauchern Ersatzteile mit einer langen Lebensdauer und hoher Produktivit\u00e4t.<\/p>\n","protected":false},"excerpt":{"rendered":"<p>Einer in 60 Jahren erworbenen Erfahrung und ein unglaubliches Angebot von Zeichnungen macht es General Dies m\u00f6glich Matrizen, Kollerh\u00fclsen, Kollerrollen und weitere Ersatzteilen f\u00fcr alle auf dem Markt vorhandenen Pelletier M\u00fchle herzustellen. Wir herstellen auch pers\u00f6nliche Teile, basiert auf einer Zeichnung oder einem Muster, wir haben viele produktive Flexibilit\u00e4t. Au\u00dfer dem Angebot von Ersatzteilen f\u00fcr [&hellip;]<\/p>\n","protected":false},"author":1,"featured_media":4320,"parent":0,"menu_order":192,"comment_status":"closed","ping_status":"closed","template":"pages-templates\/ricambi-template.php","meta":{"_mi_skip_tracking":false},"acf":{"barra_cta":null,"immagine_barra_cta":null},"yoast_head":"<!-- This site is optimized with the Yoast SEO plugin v16.4 - https:\/\/yoast.com\/wordpress\/plugins\/seo\/ -->\n<title>Matrizen und weitere Ersatzteilen - General Dies<\/title>\n<meta name=\"description\" content=\"General Dies kann Matrizen, Koller H\u00fclsen, Koller und weitere Ersatzteilen herstellen f\u00fcr alle Pelletier M\u00fchle auf dem Market. Lesen Sie weiter.\" \/>\n<meta name=\"robots\" content=\"index, follow, max-snippet:-1, max-image-preview:large, max-video-preview:-1\" \/>\n<link rel=\"canonical\" href=\"https:\/\/www.generaldies.com\/de\/matrizen-und-weitere-ersatzteile\/\" \/>\n<meta property=\"og:locale\" content=\"de_DE\" \/>\n<meta property=\"og:type\" content=\"article\" \/>\n<meta property=\"og:title\" content=\"Matrizen und weitere Ersatzteilen - General Dies\" \/>\n<meta property=\"og:description\" content=\"General Dies kann Matrizen, Koller H\u00fclsen, Koller und weitere Ersatzteilen herstellen f\u00fcr alle Pelletier M\u00fchle auf dem Market. Lesen Sie weiter.\" \/>\n<meta property=\"og:url\" content=\"https:\/\/www.generaldies.com\/de\/matrizen-und-weitere-ersatzteile\/\" \/>\n<meta property=\"og:site_name\" content=\"General Dies\" \/>\n<meta property=\"og:image\" content=\"https:\/\/www.generaldies.com\/wp-content\/uploads\/2017\/03\/IMG_0867.jpg\" \/>\n\t<meta property=\"og:image:width\" content=\"1920\" \/>\n\t<meta property=\"og:image:height\" content=\"1280\" \/>\n<meta name=\"twitter:card\" content=\"summary\" \/>\n<meta name=\"twitter:label1\" content=\"Gesch\u00e4tzte Lesezeit\" \/>\n\t<meta name=\"twitter:data1\" content=\"1\u00a0Minute\" \/>\n<script type=\"application\/ld+json\" class=\"yoast-schema-graph\">{\"@context\":\"https:\/\/schema.org\",\"@graph\":[{\"@type\":\"WebSite\",\"@id\":\"https:\/\/www.generaldies.com\/it\/#website\",\"url\":\"https:\/\/www.generaldies.com\/it\/\",\"name\":\"General Dies\",\"description\":\"Dal 1960 al servizio della pellettatura\",\"potentialAction\":[{\"@type\":\"SearchAction\",\"target\":\"https:\/\/www.generaldies.com\/it\/?s={search_term_string}\",\"query-input\":\"required name=search_term_string\"}],\"inLanguage\":\"de\"},{\"@type\":\"ImageObject\",\"@id\":\"https:\/\/www.generaldies.com\/de\/matrizen-und-weitere-ersatzteile\/#primaryimage\",\"inLanguage\":\"de\",\"url\":\"https:\/\/www.generaldies.com\/wp-content\/uploads\/2017\/03\/IMG_0867.jpg\",\"contentUrl\":\"https:\/\/www.generaldies.com\/wp-content\/uploads\/2017\/03\/IMG_0867.jpg\",\"width\":1920,\"height\":1280},{\"@type\":\"WebPage\",\"@id\":\"https:\/\/www.generaldies.com\/de\/matrizen-und-weitere-ersatzteile\/#webpage\",\"url\":\"https:\/\/www.generaldies.com\/de\/matrizen-und-weitere-ersatzteile\/\",\"name\":\"Matrizen und weitere Ersatzteilen - General Dies\",\"isPartOf\":{\"@id\":\"https:\/\/www.generaldies.com\/it\/#website\"},\"primaryImageOfPage\":{\"@id\":\"https:\/\/www.generaldies.com\/de\/matrizen-und-weitere-ersatzteile\/#primaryimage\"},\"datePublished\":\"2017-06-13T15:34:32+00:00\",\"dateModified\":\"2017-06-13T15:34:32+00:00\",\"description\":\"General Dies kann Matrizen, Koller H\\u00fclsen, Koller und weitere Ersatzteilen herstellen f\\u00fcr alle Pelletier M\\u00fchle auf dem Market. Lesen Sie weiter.\",\"breadcrumb\":{\"@id\":\"https:\/\/www.generaldies.com\/de\/matrizen-und-weitere-ersatzteile\/#breadcrumb\"},\"inLanguage\":\"de\",\"potentialAction\":[{\"@type\":\"ReadAction\",\"target\":[\"https:\/\/www.generaldies.com\/de\/matrizen-und-weitere-ersatzteile\/\"]}]},{\"@type\":\"BreadcrumbList\",\"@id\":\"https:\/\/www.generaldies.com\/de\/matrizen-und-weitere-ersatzteile\/#breadcrumb\",\"itemListElement\":[{\"@type\":\"ListItem\",\"position\":1,\"item\":{\"@type\":\"WebPage\",\"@id\":\"https:\/\/www.generaldies.com\/de\/\",\"url\":\"https:\/\/www.generaldies.com\/de\/\",\"name\":\"Home\"}},{\"@type\":\"ListItem\",\"position\":2,\"item\":{\"@id\":\"https:\/\/www.generaldies.com\/de\/matrizen-und-weitere-ersatzteile\/#webpage\"}}]}]}<\/script>\n<!-- \/ Yoast SEO plugin. -->","_links":{"self":[{"href":"https:\/\/www.generaldies.com\/de\/wp-json\/wp\/v2\/pages\/6978"}],"collection":[{"href":"https:\/\/www.generaldies.com\/de\/wp-json\/wp\/v2\/pages"}],"about":[{"href":"https:\/\/www.generaldies.com\/de\/wp-json\/wp\/v2\/types\/page"}],"author":[{"embeddable":true,"href":"https:\/\/www.generaldies.com\/de\/wp-json\/wp\/v2\/users\/1"}],"replies":[{"embeddable":true,"href":"https:\/\/www.generaldies.com\/de\/wp-json\/wp\/v2\/comments?post=6978"}],"version-history":[{"count":0,"href":"https:\/\/www.generaldies.com\/de\/wp-json\/wp\/v2\/pages\/6978\/revisions"}],"wp:featuredmedia":[{"embeddable":true,"href":"https:\/\/www.generaldies.com\/de\/wp-json\/wp\/v2\/media\/4320"}],"wp:attachment":[{"href":"https:\/\/www.generaldies.com\/de\/wp-json\/wp\/v2\/media?parent=6978"}],"curies":[{"name":"wp","href":"https:\/\/api.w.org\/{rel}","templated":true}]}}