{"id":6967,"date":"2017-06-13T17:16:29","date_gmt":"2017-06-13T15:16:29","guid":{"rendered":"https:\/\/www.generaldies.com\/o-kompanii\/anfahrt\/"},"modified":"2017-06-13T17:16:29","modified_gmt":"2017-06-13T15:16:29","slug":"anfahrt","status":"publish","type":"page","link":"https:\/\/www.generaldies.com\/de\/ueber-uns\/anfahrt\/","title":{"rendered":"Anfahrt"},"content":{"rendered":"<p>[vc_row][vc_column width=&#8220;2\/3&#8243;][vc_empty_space height=&#8220;45px&#8220;][vc_gmaps link=&#8220;#E-8_JTNDaWZyYW1lJTIwc3JjJTNEJTIyaHR0cHMlM0ElMkYlMkZ3d3cuZ29vZ2xlLmNvbSUyRm1hcHMlMkZlbWJlZCUzRnBiJTNEJTIxMW0xOCUyMTFtMTIlMjExbTMlMjExZDI4MDAuNTI0NjgyODU3OTA0MyUyMTJkMTEuMTQ1MzI3ODE1NTU1OTM3JTIxM2Q0NS40MTg5MjM2NzkxMDAzOCUyMTJtMyUyMTFmMCUyMTJmMCUyMTNmMCUyMTNtMiUyMTFpMTAyNCUyMTJpNzY4JTIxNGYxMy4xJTIxM20zJTIxMW0yJTIxMXMweDQ3N2Y1Y2I5Yjk2NjM1M2IlMjUzQTB4OWRhOTkyMDE2NjZkMjNhOCUyMTJzR2VuZXJhbCUyQkRpZXMlMjE1ZTAlMjEzbTIlMjExc2l0JTIxMnNpdCUyMTR2MTQ4ODE4NjExMjgyNSUyMiUyMHdpZHRoJTNEJTIyNjAwJTIyJTIwaGVpZ2h0JTNEJTIyNDUwJTIyJTIwZnJhbWVib3JkZXIlM0QlMjIwJTIyJTIwc3R5bGUlM0QlMjJib3JkZXIlM0EwJTIyJTIwYWxsb3dmdWxsc2NyZWVuJTNFJTNDJTJGaWZyYW1lJTNF&#8220;][\/vc_column][vc_column width=&#8220;1\/3&#8243;][vc_custom_heading text=&#8220;SO FINDEN SIE UNS&#8220; font_container=&#8220;tag:h3|text_align:left&#8220; use_theme_fonts=&#8220;yes&#8220;][vc_column_text]<\/p>\n<p align=\"left\"><b>Mit dem Auto\u00a0<\/b><\/p>\n<p>Mit dem Auto erreichen Sie General Dies einfach und direkt. Von Mailand Autobahn A4 Mailand-Venedig; Ausgang Verona Est nehmen (der zweite Ausgang nach der Kreuzung mit Autobahn A22 Brenner-Modena). 5 km fortfahren in Richtung Vicenza. 500m nach dem Ort Vago di Lavagno, nach einem gro\u00dfen Kreisverkehr, links gibt es einem S\u00e4gewerk vom Marmor. Gleich danach gibt es General Dies.<\/p>\n<p align=\"left\"><b>Mit dem Zug<\/b><\/p>\n<p>Der Bahnhof \u201eCaldiero\u201c und der Bahnof \u201eSan Bonifacio\u201c sind in der N\u00e4he der Firma. Die Bahnh\u00f6fe \u201eVerona Porta Nuova\u201c und \u201eVerona Porta Vescovo\u201c, ungef\u00e4hr 20 km entfernt, bieten aber direkte Verbindungen mit Deutschland und \u00d6sterreich (\u00d6BB und DB).<\/p>\n<p align=\"left\"><b>Mit dem Flugzeug<\/b><\/p>\n<p>Der Flughafen \u201eAeroporto Valerio Catullo\u201d, Verona-Villafranca, ist nur 30 Minuten von der Firma entfernt. Weitere Flughafen in der N\u00e4he sind: \u201eAeroporto Orio al Serio\u201c(Bergamo, in der N\u00e4he von Mailand); \u201eAeroporto Mailand-Linate\u201c; \u201e Aeroporto Mailand-Malpensa\u201c; \u201e Aeroporto Marconi\u201c (Bologna); \u201e Aeroporto Marco Polo\u201c (Venedig).[\/vc_column_text][\/vc_column][\/vc_row]<\/p>\n","protected":false},"excerpt":{"rendered":"<p>[vc_row][vc_column width=&#8220;2\/3&#8243;][vc_empty_space height=&#8220;45px&#8220;][vc_gmaps link=&#8220;#E-8_JTNDaWZyYW1lJTIwc3JjJTNEJTIyaHR0cHMlM0ElMkYlMkZ3d3cuZ29vZ2xlLmNvbSUyRm1hcHMlMkZlbWJlZCUzRnBiJTNEJTIxMW0xOCUyMTFtMTIlMjExbTMlMjExZDI4MDAuNTI0NjgyODU3OTA0MyUyMTJkMTEuMTQ1MzI3ODE1NTU1OTM3JTIxM2Q0NS40MTg5MjM2NzkxMDAzOCUyMTJtMyUyMTFmMCUyMTJmMCUyMTNmMCUyMTNtMiUyMTFpMTAyNCUyMTJpNzY4JTIxNGYxMy4xJTIxM20zJTIxMW0yJTIxMXMweDQ3N2Y1Y2I5Yjk2NjM1M2IlMjUzQTB4OWRhOTkyMDE2NjZkMjNhOCUyMTJzR2VuZXJhbCUyQkRpZXMlMjE1ZTAlMjEzbTIlMjExc2l0JTIxMnNpdCUyMTR2MTQ4ODE4NjExMjgyNSUyMiUyMHdpZHRoJTNEJTIyNjAwJTIyJTIwaGVpZ2h0JTNEJTIyNDUwJTIyJTIwZnJhbWVib3JkZXIlM0QlMjIwJTIyJTIwc3R5bGUlM0QlMjJib3JkZXIlM0EwJTIyJTIwYWxsb3dmdWxsc2NyZWVuJTNFJTNDJTJGaWZyYW1lJTNF&#8220;][\/vc_column][vc_column width=&#8220;1\/3&#8243;][vc_custom_heading text=&#8220;SO FINDEN SIE UNS&#8220; font_container=&#8220;tag:h3|text_align:left&#8220; use_theme_fonts=&#8220;yes&#8220;][vc_column_text] Mit dem Auto\u00a0 Mit dem Auto erreichen Sie General Dies einfach und direkt. Von Mailand Autobahn A4 Mailand-Venedig; Ausgang Verona Est nehmen (der zweite Ausgang nach der Kreuzung mit Autobahn A22 Brenner-Modena). 5 km fortfahren in Richtung Vicenza. 500m nach dem Ort Vago di [&hellip;]<\/p>\n","protected":false},"author":1,"featured_media":8645,"parent":6867,"menu_order":25,"comment_status":"closed","ping_status":"closed","template":"","meta":{"_mi_skip_tracking":false},"acf":{"barra_cta":null,"immagine_barra_cta":null},"yoast_head":"<!-- This site is optimized with the Yoast SEO plugin v16.4 - https:\/\/yoast.com\/wordpress\/plugins\/seo\/ -->\n<title>So finden Sie uns - General Dies<\/title>\n<meta name=\"description\" content=\"Adresse und Informationen um unsere Firma zu erreichen. Lesen Sie mehr \u00fcber General Dies.\" \/>\n<meta name=\"robots\" content=\"index, follow, max-snippet:-1, max-image-preview:large, max-video-preview:-1\" \/>\n<link rel=\"canonical\" href=\"https:\/\/www.generaldies.com\/de\/ueber-uns\/anfahrt\/\" \/>\n<meta property=\"og:locale\" content=\"de_DE\" \/>\n<meta property=\"og:type\" content=\"article\" \/>\n<meta property=\"og:title\" content=\"So finden Sie uns - General Dies\" \/>\n<meta property=\"og:description\" content=\"Adresse und Informationen um unsere Firma zu erreichen. Lesen Sie mehr \u00fcber General Dies.\" \/>\n<meta property=\"og:url\" content=\"https:\/\/www.generaldies.com\/de\/ueber-uns\/anfahrt\/\" \/>\n<meta property=\"og:site_name\" content=\"General Dies\" \/>\n<meta property=\"og:image\" content=\"https:\/\/www.generaldies.com\/wp-content\/uploads\/2017\/02\/slide3.jpg\" \/>\n\t<meta property=\"og:image:width\" content=\"1920\" \/>\n\t<meta property=\"og:image:height\" content=\"1080\" \/>\n<meta name=\"twitter:card\" content=\"summary\" \/>\n<meta name=\"twitter:label1\" content=\"Gesch\u00e4tzte Lesezeit\" \/>\n\t<meta name=\"twitter:data1\" content=\"1\u00a0Minute\" \/>\n<script type=\"application\/ld+json\" class=\"yoast-schema-graph\">{\"@context\":\"https:\/\/schema.org\",\"@graph\":[{\"@type\":\"WebSite\",\"@id\":\"https:\/\/www.generaldies.com\/it\/#website\",\"url\":\"https:\/\/www.generaldies.com\/it\/\",\"name\":\"General Dies\",\"description\":\"Dal 1960 al servizio della pellettatura\",\"potentialAction\":[{\"@type\":\"SearchAction\",\"target\":\"https:\/\/www.generaldies.com\/it\/?s={search_term_string}\",\"query-input\":\"required name=search_term_string\"}],\"inLanguage\":\"de\"},{\"@type\":\"ImageObject\",\"@id\":\"https:\/\/www.generaldies.com\/de\/ueber-uns\/anfahrt\/#primaryimage\",\"inLanguage\":\"de\",\"url\":\"https:\/\/www.generaldies.com\/wp-content\/uploads\/2023\/08\/1-scaled-e1693216254370.jpg\",\"contentUrl\":\"https:\/\/www.generaldies.com\/wp-content\/uploads\/2023\/08\/1-scaled-e1693216254370.jpg\",\"width\":2560,\"height\":1707},{\"@type\":\"WebPage\",\"@id\":\"https:\/\/www.generaldies.com\/de\/ueber-uns\/anfahrt\/#webpage\",\"url\":\"https:\/\/www.generaldies.com\/de\/ueber-uns\/anfahrt\/\",\"name\":\"So finden Sie uns - General Dies\",\"isPartOf\":{\"@id\":\"https:\/\/www.generaldies.com\/it\/#website\"},\"primaryImageOfPage\":{\"@id\":\"https:\/\/www.generaldies.com\/de\/ueber-uns\/anfahrt\/#primaryimage\"},\"datePublished\":\"2017-06-13T15:16:29+00:00\",\"dateModified\":\"2017-06-13T15:16:29+00:00\",\"description\":\"Adresse und Informationen um unsere Firma zu erreichen. Lesen Sie mehr \\u00fcber General Dies.\",\"breadcrumb\":{\"@id\":\"https:\/\/www.generaldies.com\/de\/ueber-uns\/anfahrt\/#breadcrumb\"},\"inLanguage\":\"de\",\"potentialAction\":[{\"@type\":\"ReadAction\",\"target\":[\"https:\/\/www.generaldies.com\/de\/ueber-uns\/anfahrt\/\"]}]},{\"@type\":\"BreadcrumbList\",\"@id\":\"https:\/\/www.generaldies.com\/de\/ueber-uns\/anfahrt\/#breadcrumb\",\"itemListElement\":[{\"@type\":\"ListItem\",\"position\":1,\"item\":{\"@type\":\"WebPage\",\"@id\":\"https:\/\/www.generaldies.com\/de\/\",\"url\":\"https:\/\/www.generaldies.com\/de\/\",\"name\":\"Home\"}},{\"@type\":\"ListItem\",\"position\":2,\"item\":{\"@type\":\"WebPage\",\"@id\":\"https:\/\/www.generaldies.com\/de\/ueber-uns\/\",\"url\":\"https:\/\/www.generaldies.com\/de\/ueber-uns\/\",\"name\":\"\\u00dcber uns\"}},{\"@type\":\"ListItem\",\"position\":3,\"item\":{\"@id\":\"https:\/\/www.generaldies.com\/de\/ueber-uns\/anfahrt\/#webpage\"}}]}]}<\/script>\n<!-- \/ Yoast SEO plugin. -->","_links":{"self":[{"href":"https:\/\/www.generaldies.com\/de\/wp-json\/wp\/v2\/pages\/6967"}],"collection":[{"href":"https:\/\/www.generaldies.com\/de\/wp-json\/wp\/v2\/pages"}],"about":[{"href":"https:\/\/www.generaldies.com\/de\/wp-json\/wp\/v2\/types\/page"}],"author":[{"embeddable":true,"href":"https:\/\/www.generaldies.com\/de\/wp-json\/wp\/v2\/users\/1"}],"replies":[{"embeddable":true,"href":"https:\/\/www.generaldies.com\/de\/wp-json\/wp\/v2\/comments?post=6967"}],"version-history":[{"count":2,"href":"https:\/\/www.generaldies.com\/de\/wp-json\/wp\/v2\/pages\/6967\/revisions"}],"predecessor-version":[{"id":6969,"href":"https:\/\/www.generaldies.com\/de\/wp-json\/wp\/v2\/pages\/6967\/revisions\/6969"}],"up":[{"embeddable":true,"href":"https:\/\/www.generaldies.com\/de\/wp-json\/wp\/v2\/pages\/6867"}],"wp:featuredmedia":[{"embeddable":true,"href":"https:\/\/www.generaldies.com\/de\/wp-json\/wp\/v2\/media\/8645"}],"wp:attachment":[{"href":"https:\/\/www.generaldies.com\/de\/wp-json\/wp\/v2\/media?parent=6967"}],"curies":[{"name":"wp","href":"https:\/\/api.w.org\/{rel}","templated":true}]}}