{"id":6948,"date":"2017-06-13T16:56:48","date_gmt":"2017-06-13T14:56:48","guid":{"rendered":"https:\/\/www.generaldies.com\/o-kompanii\/warum-gd\/"},"modified":"2024-12-10T11:20:30","modified_gmt":"2024-12-10T10:20:30","slug":"warum-gd","status":"publish","type":"page","link":"https:\/\/www.generaldies.com\/de\/ueber-uns\/warum-gd\/","title":{"rendered":"Warum GD?"},"content":{"rendered":"<p>[vc_row][vc_column width=&#8220;2\/3&#8243;][vc_row_inner][vc_column_inner width=&#8220;1\/2&#8243;][vc_single_image image=&#8220;6261&#8243; img_size=&#8220;large&#8220;][\/vc_column_inner][vc_column_inner width=&#8220;1\/2&#8243;][vc_column_text]<\/p>\n<h3>Warum General Dies w\u00e4hlen?<\/h3>\n<p>Der Markt ist immer breiter und es gibt immer neue Umst\u00e4nde: Wir kombinieren unsere langj\u00e4hrige Erfahrung mit den neusten technologischen Prozessen. Wir bieten hochwertige Produkte und ein hervorragendes Service.[\/vc_column_text][\/vc_column_inner][\/vc_row_inner][vc_row_inner][vc_column_inner][vc_column_text]<\/p>\n<h3>Einige Gr\u00fcnde, um General Dies zu w\u00e4hlen:<\/h3>\n<ul>\n<li>Fast 60 Jahren auf dem Markt Seit 60 Jahren auf dem Markt<\/li>\n<li>Mitarbeiter mit mehr als 50 Jahren Erfahrung, bereit die beste L\u00f6sungen zu empfehlen<\/li>\n<li>Referenzen auf der ganzen Welt: Unsere Ersatzteilen und Anlagen bedienen Kunden auf der ganzen Welt<\/li>\n<li>Produktion in unserem Sitz in Italien mit europ\u00e4ischen hochwertigen Rohrstoffen<\/li>\n<li>Professionelles und erfahrenes Team<\/li>\n<li>Effizientes Kundenservice<\/li>\n<li>Bereitschaft, unsere Pelletierinstallationen an unseren Kunden zu zeigen<\/li>\n<li>Erh\u00e4ltlichkeit: Wir lassen unsere Kunden niemals allein, wir helfen immer gerne weiter<\/li>\n<li>Zuverl\u00e4ssigkeit: in unserer Firma, die auf dem nationalen und internationalen Markt anwesend ist, arbeiten erfahrene Techniker, sowie junge, ausgebildete und enthusiastische Mitarbeiter. Sie spiegeln Werte wie F\u00e4higkeit und Korrektheit, die uns seit immer begleiten, wider<\/li>\n<li>Lokale Ansprechpartner: Wir haben viele Vertreter direkt vor Ort. Sie k\u00f6nnen selbstverst\u00e4ndlich die Sprache des Landes, kennen die Angewohnheiten und die B\u00fcrokratie<\/li>\n<li>Sie k\u00f6nnen mit uns in Ihrer Sprache kommunizieren: unseres Personal kann Deutsch, Englisch, Italienisch, Spanisch, Portugiesisch, Franz\u00f6sisch, Russisch, Arabisch, Rum\u00e4nisch, Ukrainisch, Moldawisch, Serbisch und Polnisch<\/li>\n<li>Perch\u00e9 non siamo solo commerciali, ma siamo tecnici<\/li>\n<li>Flexibilit\u00e4t: wir h\u00f6ren unsere Kunden zu und suchen individuelle L\u00f6sungen<\/li>\n<li>Bezahlungsflexibilit\u00e4t, wann der Kundekontrolliert ist<\/li>\n<li>Qualit\u00e4t der Maschinen und Ersatzteilen: konstante Verbesserung der Produktion und Aufmerksamkeit auf der Qualit\u00e4t der Rohstoffen und Bauteilen f\u00fcr ein optimales Resultat<\/li>\n<li>M\u00f6glichkeit Pelletier Tests f\u00fcr neue Materialien in unser Labor durchzuf\u00fchren<\/li>\n<li>Wir bieten Instandhaltung Services in Italien und in den nahen L\u00e4nder. Mit einer geeigneten Instandhaltung behalten unsere Maschinen hohe Leistungen f\u00fcr ihre Lebensdauer<\/li>\n<li>Wir haben Vertrauen in unseren Maschinen, deshalb kaufen wir wieder gebrauchte Maschinen, warten wir die und verkaufen wir die wieder<\/li>\n<li>Verf\u00fcgbarkeit von gebrauchten, wie neu gewarteten Maschinen, revidiert wie neu, zu Hammerpresien<\/li>\n<li>Wir m\u00f6chten nicht nur Ihr Lieferant sein, sondern Ihr Partner!<\/li>\n<\/ul>\n<p>[\/vc_column_text][\/vc_column_inner][\/vc_row_inner][\/vc_column][vc_column width=&#8220;1\/3&#8243;][vc_single_image image=&#8220;5409&#8243; img_size=&#8220;large&#8220;][vc_single_image image=&#8220;8942&#8243; img_size=&#8220;large&#8220;][vc_single_image image=&#8220;4310&#8243; img_size=&#8220;large&#8220;][\/vc_column][\/vc_row]<\/p>\n","protected":false},"excerpt":{"rendered":"<p>[vc_row][vc_column width=&#8220;2\/3&#8243;][vc_row_inner][vc_column_inner width=&#8220;1\/2&#8243;][vc_single_image image=&#8220;6261&#8243; img_size=&#8220;large&#8220;][\/vc_column_inner][vc_column_inner width=&#8220;1\/2&#8243;][vc_column_text] Warum General Dies w\u00e4hlen? Der Markt ist immer breiter und es gibt immer neue Umst\u00e4nde: Wir kombinieren unsere langj\u00e4hrige Erfahrung mit den neusten technologischen Prozessen. Wir bieten hochwertige Produkte und ein hervorragendes Service.[\/vc_column_text][\/vc_column_inner][\/vc_row_inner][vc_row_inner][vc_column_inner][vc_column_text] Einige Gr\u00fcnde, um General Dies zu w\u00e4hlen: Fast 60 Jahren auf dem Markt Seit 60 Jahren [&hellip;]<\/p>\n","protected":false},"author":1,"featured_media":6209,"parent":6867,"menu_order":58,"comment_status":"closed","ping_status":"closed","template":"","meta":{"_mi_skip_tracking":false},"acf":{"barra_cta":false},"yoast_head":"<!-- This site is optimized with the Yoast SEO plugin v16.4 - https:\/\/yoast.com\/wordpress\/plugins\/seo\/ -->\n<title>Warum w\u00e4hlen Sie uns - General Dies<\/title>\n<meta name=\"description\" content=\"Lesen Sie die Ausreden warum Sie General Dies w\u00e4hlen werden wie Partner.\" \/>\n<meta name=\"robots\" content=\"index, follow, max-snippet:-1, max-image-preview:large, max-video-preview:-1\" \/>\n<link rel=\"canonical\" href=\"https:\/\/www.generaldies.com\/de\/ueber-uns\/warum-gd\/\" \/>\n<meta property=\"og:locale\" content=\"de_DE\" \/>\n<meta property=\"og:type\" content=\"article\" \/>\n<meta property=\"og:title\" content=\"Warum w\u00e4hlen Sie uns - General Dies\" \/>\n<meta property=\"og:description\" content=\"Lesen Sie die Ausreden warum Sie General Dies w\u00e4hlen werden wie Partner.\" \/>\n<meta property=\"og:url\" content=\"https:\/\/www.generaldies.com\/de\/ueber-uns\/warum-gd\/\" \/>\n<meta property=\"og:site_name\" content=\"General Dies\" \/>\n<meta property=\"article:modified_time\" content=\"2024-12-10T10:20:30+00:00\" \/>\n<meta property=\"og:image\" content=\"https:\/\/www.generaldies.com\/wp-content\/uploads\/2017\/01\/PERCHE-GD.jpg\" \/>\n\t<meta property=\"og:image:width\" content=\"1280\" \/>\n\t<meta property=\"og:image:height\" content=\"1024\" \/>\n<meta name=\"twitter:card\" content=\"summary\" \/>\n<meta name=\"twitter:label1\" content=\"Gesch\u00e4tzte Lesezeit\" \/>\n\t<meta name=\"twitter:data1\" content=\"2\u00a0Minuten\" \/>\n<script type=\"application\/ld+json\" class=\"yoast-schema-graph\">{\"@context\":\"https:\/\/schema.org\",\"@graph\":[{\"@type\":\"WebSite\",\"@id\":\"https:\/\/www.generaldies.com\/it\/#website\",\"url\":\"https:\/\/www.generaldies.com\/it\/\",\"name\":\"General Dies\",\"description\":\"Dal 1960 al servizio della pellettatura\",\"potentialAction\":[{\"@type\":\"SearchAction\",\"target\":\"https:\/\/www.generaldies.com\/it\/?s={search_term_string}\",\"query-input\":\"required name=search_term_string\"}],\"inLanguage\":\"de\"},{\"@type\":\"ImageObject\",\"@id\":\"https:\/\/www.generaldies.com\/de\/ueber-uns\/warum-gd\/#primaryimage\",\"inLanguage\":\"de\",\"url\":\"https:\/\/www.generaldies.com\/wp-content\/uploads\/2017\/01\/PERCHE-GD.jpg\",\"contentUrl\":\"https:\/\/www.generaldies.com\/wp-content\/uploads\/2017\/01\/PERCHE-GD.jpg\",\"width\":1280,\"height\":1024},{\"@type\":\"WebPage\",\"@id\":\"https:\/\/www.generaldies.com\/de\/ueber-uns\/warum-gd\/#webpage\",\"url\":\"https:\/\/www.generaldies.com\/de\/ueber-uns\/warum-gd\/\",\"name\":\"Warum w\\u00e4hlen Sie uns - General Dies\",\"isPartOf\":{\"@id\":\"https:\/\/www.generaldies.com\/it\/#website\"},\"primaryImageOfPage\":{\"@id\":\"https:\/\/www.generaldies.com\/de\/ueber-uns\/warum-gd\/#primaryimage\"},\"datePublished\":\"2017-06-13T14:56:48+00:00\",\"dateModified\":\"2024-12-10T10:20:30+00:00\",\"description\":\"Lesen Sie die Ausreden warum Sie General Dies w\\u00e4hlen werden wie Partner.\",\"breadcrumb\":{\"@id\":\"https:\/\/www.generaldies.com\/de\/ueber-uns\/warum-gd\/#breadcrumb\"},\"inLanguage\":\"de\",\"potentialAction\":[{\"@type\":\"ReadAction\",\"target\":[\"https:\/\/www.generaldies.com\/de\/ueber-uns\/warum-gd\/\"]}]},{\"@type\":\"BreadcrumbList\",\"@id\":\"https:\/\/www.generaldies.com\/de\/ueber-uns\/warum-gd\/#breadcrumb\",\"itemListElement\":[{\"@type\":\"ListItem\",\"position\":1,\"item\":{\"@type\":\"WebPage\",\"@id\":\"https:\/\/www.generaldies.com\/de\/\",\"url\":\"https:\/\/www.generaldies.com\/de\/\",\"name\":\"Home\"}},{\"@type\":\"ListItem\",\"position\":2,\"item\":{\"@type\":\"WebPage\",\"@id\":\"https:\/\/www.generaldies.com\/de\/ueber-uns\/\",\"url\":\"https:\/\/www.generaldies.com\/de\/ueber-uns\/\",\"name\":\"\\u00dcber uns\"}},{\"@type\":\"ListItem\",\"position\":3,\"item\":{\"@id\":\"https:\/\/www.generaldies.com\/de\/ueber-uns\/warum-gd\/#webpage\"}}]}]}<\/script>\n<!-- \/ Yoast SEO plugin. -->","_links":{"self":[{"href":"https:\/\/www.generaldies.com\/de\/wp-json\/wp\/v2\/pages\/6948"}],"collection":[{"href":"https:\/\/www.generaldies.com\/de\/wp-json\/wp\/v2\/pages"}],"about":[{"href":"https:\/\/www.generaldies.com\/de\/wp-json\/wp\/v2\/types\/page"}],"author":[{"embeddable":true,"href":"https:\/\/www.generaldies.com\/de\/wp-json\/wp\/v2\/users\/1"}],"replies":[{"embeddable":true,"href":"https:\/\/www.generaldies.com\/de\/wp-json\/wp\/v2\/comments?post=6948"}],"version-history":[{"count":6,"href":"https:\/\/www.generaldies.com\/de\/wp-json\/wp\/v2\/pages\/6948\/revisions"}],"predecessor-version":[{"id":8969,"href":"https:\/\/www.generaldies.com\/de\/wp-json\/wp\/v2\/pages\/6948\/revisions\/8969"}],"up":[{"embeddable":true,"href":"https:\/\/www.generaldies.com\/de\/wp-json\/wp\/v2\/pages\/6867"}],"wp:featuredmedia":[{"embeddable":true,"href":"https:\/\/www.generaldies.com\/de\/wp-json\/wp\/v2\/media\/6209"}],"wp:attachment":[{"href":"https:\/\/www.generaldies.com\/de\/wp-json\/wp\/v2\/media?parent=6948"}],"curies":[{"name":"wp","href":"https:\/\/api.w.org\/{rel}","templated":true}]}}