{"id":6867,"date":"2017-06-13T15:12:30","date_gmt":"2017-06-13T13:12:30","guid":{"rendered":"https:\/\/www.generaldies.com\/%d0%be-%d0%ba%d0%be%d0%bc%d0%bf%d0%b0%d0%bd%d0%b8%d0%b8\/"},"modified":"2019-07-03T17:00:35","modified_gmt":"2019-07-03T15:00:35","slug":"ueber-uns","status":"publish","type":"page","link":"https:\/\/www.generaldies.com\/de\/ueber-uns\/","title":{"rendered":"\u00dcber uns"},"content":{"rendered":"<p>[vc_row][vc_column width=&#8220;1\/2&#8243;][vc_custom_heading text=&#8220;Willkommen bei General Dies&#8220; google_fonts=&#8220;font_family:Open%20Sans%3A300%2C300italic%2Cregular%2Citalic%2C600%2C600italic%2C700%2C700italic%2C800%2C800italic|font_style:400%20regular%3A400%3Anormal&#8220; el_class=&#8220;section-heading&#8220;][vc_column_text]Seit 1960 entwerfen und herstellen wir Ersatzteilen f\u00fcr alle Pelletierpressen auf dem Markt (Matrizen, komplette Kollerrollen, Kollerh\u00fclsen und weitere Ersatzteilen) und seit 1962 herstellen wir selbst Pelletierpressen und weitere Maschinen f\u00fcr Pelletierlinien. Seit 1970 produzieren wir komplette Pelletieranlagen.<\/p>\n<p>Die Firma wurde von Ingenieur Ettore Meneghello gegr\u00fcndet, als die Ersatzteilen f\u00fcr die damals existierenden Pelletierpressen in Italien nicht hergestellt wurden und nur im Ausland mit langen Lieferzeiten erh\u00e4ltlich waren.<\/p>\n<p>Die erste Matrize wurde produziert, um einem Freund, der sich in Schwierigkeiten befand, zu helfen. . Kurz danach entstand sowohl der Wunsch als auch die Notwendigkeit, die erste Pelletierpresse nach vollst\u00e4ndig italienischer Technologie herzustellen.<\/p>\n<p>Heute sind die Matrizen, die Ersatzteilen, die Pelletierpressen und die Anlagen von General Dies weltweit erh\u00e4ltlich.<\/p>\n<p>Wir wenden uns an all denjenigen, die aus den verschiedensten Gr\u00fcnden eine Vorrichtung f\u00fcr den Pelletierprozess ben\u00f6tigen: Verringerung des Volumens, Verbesserung der Produktaufbewahrung, Bequemlichkeit bei demTransport und der Handhabung usw.[\/vc_column_text][\/vc_column][vc_column width=&#8220;1\/2&#8243;][vc_raw_html]JTNDZGl2JTIwc3R5bGUlM0QlMjJwb3NpdGlvbiUzQXJlbGF0aXZlJTNCaGVpZ2h0JTNBMCUzQnBhZGRpbmctYm90dG9tJTNBNTYuMjUlMjUlMjIlM0UlM0NpZnJhbWUlMjBzcmMlM0QlMjJodHRwcyUzQSUyRiUyRnd3dy55b3V0dWJlLmNvbSUyRmVtYmVkJTJGUFJJY05YLUc5X3clMjIlMjB3aWR0aCUzRCUyMjY0MCUyMiUyMGhlaWdodCUzRCUyMjM2MCUyMiUyMGZyYW1lYm9yZGVyJTNEJTIyMCUyMiUyMHN0eWxlJTNEJTIycG9zaXRpb24lM0FhYnNvbHV0ZSUzQndpZHRoJTNBMTAwJTI1JTNCaGVpZ2h0JTNBMTAwJTI1JTNCbGVmdCUzQTAlMjIlMjBhbGxvd2Z1bGxzY3JlZW4lM0UlM0MlMkZpZnJhbWUlM0UlM0MlMkZkaXYlM0U=[\/vc_raw_html][\/vc_column][\/vc_row][vc_row][vc_column][vc_separator css=&#8220;.vc_custom_1491839144096{margin-top: 50px !important;margin-bottom: 25px !important;}&#8220;][vc_column_text]Wir sind stolz darauf, dieses Gesch\u00e4ft, das wir vor Jahren begonnen haben, fortf\u00fchren zu k\u00f6nnen. Wir freuen uns auf der Zusammenarbeit mit Technikern, die sich noch an den ersten Schritten der Firma erinnern und mit jungen ausgebildeten und enthusiastischen Mitarbeitern. Sie spiegeln Werte wie F\u00e4higkeit und Korrektheit, die uns seit immer begleiten, wider.[\/vc_column_text][\/vc_column][\/vc_row][vc_row][vc_column width=&#8220;1\/4&#8243; el_class=&#8220;box-altra-pagina&#8220;][vc_single_image image=&#8220;1766&#8243; img_size=&#8220;list-image&#8220; onclick=&#8220;custom_link&#8220; link=&#8220;https:\/\/www.generaldies.com\/azienda\/origini\/&#8220;][vc_column_text]HERKUNFT[\/vc_column_text][\/vc_column][vc_column width=&#8220;1\/4&#8243; el_class=&#8220;box-altra-pagina&#8220;][vc_single_image image=&#8220;3304&#8243; img_size=&#8220;list-image&#8220; onclick=&#8220;custom_link&#8220; link=&#8220;https:\/\/www.generaldies.com\/azienda\/valori-e-obiettivi\/&#8220;][vc_column_text]WERTE UND ZIELE[\/vc_column_text][\/vc_column][vc_column width=&#8220;1\/4&#8243; el_class=&#8220;box-altra-pagina&#8220;][vc_single_image image=&#8220;3306&#8243; img_size=&#8220;list-image&#8220; onclick=&#8220;custom_link&#8220; link=&#8220;https:\/\/www.generaldies.com\/azienda\/perche-gd\/&#8220;][vc_column_text]WARUM GD?[\/vc_column_text][\/vc_column][vc_column width=&#8220;1\/4&#8243; el_class=&#8220;box-altra-pagina&#8220;][vc_single_image image=&#8220;86&#8243; img_size=&#8220;list-image&#8220; onclick=&#8220;custom_link&#8220; link=&#8220;https:\/\/www.generaldies.com\/it\/azienda\/produzione\/&#8220;][vc_column_text]PRODUKTION[\/vc_column_text][\/vc_column][\/vc_row][vc_row][vc_column width=&#8220;1\/4&#8243; el_class=&#8220;box-altra-pagina&#8220;][vc_single_image image=&#8220;4528&#8243; img_size=&#8220;list-image&#8220; onclick=&#8220;custom_link&#8220; link=&#8220;https:\/\/www.generaldies.com\/azienda\/referenze-nel-mondo\/&#8220;][vc_column_text]WELTWEITE REFERENZEN[\/vc_column_text][\/vc_column][vc_column width=&#8220;1\/4&#8243; el_class=&#8220;box-altra-pagina&#8220;][vc_single_image image=&#8220;3182&#8243; img_size=&#8220;list-image&#8220; onclick=&#8220;custom_link&#8220; link=&#8220;https:\/\/www.generaldies.com\/azienda\/eventi-e-fiere\/&#8220;][vc_column_text]VERANSTALTUNGEN UND MESSEN[\/vc_column_text][\/vc_column][vc_column width=&#8220;1\/4&#8243; el_class=&#8220;box-altra-pagina&#8220;][vc_single_image image=&#8220;1757&#8243; img_size=&#8220;list-image&#8220; onclick=&#8220;custom_link&#8220; link=&#8220;https:\/\/www.generaldies.com\/azienda\/dove-siamo\/&#8220;][vc_column_text]ANFAHRT[\/vc_column_text][\/vc_column][vc_column width=&#8220;1\/4&#8243; el_class=&#8220;box-altra-pagina&#8220;][vc_single_image image=&#8220;4521&#8243; img_size=&#8220;list-image&#8220; onclick=&#8220;custom_link&#8220; link=&#8220;https:\/\/www.generaldies.com\/azienda\/contatti\/&#8220;][vc_column_text]KONTAKT[\/vc_column_text][\/vc_column][\/vc_row][vc_row][vc_column][vc_separator css=&#8220;.vc_custom_1488875290328{margin-top: 50px !important;margin-bottom: 100px !important;}&#8220;][\/vc_column][\/vc_row][vc_row][vc_column width=&#8220;1\/4&#8243;]<div class=\"stats-block stats-top \"><div class=\"aio-icon-top\"><div class=\"ult-just-icon-wrapper \"><div class=\"align-icon\" style=\"text-align:center;\">\n<div class=\"aio-icon none \"  style=\"color:#ff001b;font-size:48px;display:inline-block;\">\n\t<i class=\"Defaults-thumbs-o-up\"><\/i>\n<\/div><\/div><\/div><\/div><div class=\"stats-desc\" id=\"counter-responsv-wrap-5841\"><div id=\"counter_47799242769eb3e8d1b947\" data-id=\"counter_47799242769eb3e8d1b947\"  data-ultimate-target='#counter-responsv-wrap-5841 .stats-number'  data-responsive-json-new='{\"font-size\":\"desktop:48px;\",\"line-height\":\"\"}'  class=\"stats-number ult-responsive\" style=\" color:#777777; font-weight:bold;color:#333333;\" data-speed=\"3\" data-counter-value=\"18126\" data-separator=\".\" data-decimal=\",\">0<\/div><div counter-responsv-wrap-5841  data-ultimate-target='#counter-responsv-wrap-5841 .stats-text'  data-responsive-json-new='{\"font-size\":\"\",\"line-height\":\"\"}'  class=\"stats-text ult-responsive\" style=\"font-size:18px; color:#777777; \">Modelle von Matrizen <\/div><\/div><\/div>[\/vc_column][vc_column width=&#8220;1\/4&#8243;]<div class=\"stats-block stats-top \"><div class=\"aio-icon-top\"><div class=\"ult-just-icon-wrapper \"><div class=\"align-icon\" style=\"text-align:center;\">\n<div class=\"aio-icon none \"  style=\"color:#ff001b;font-size:48px;display:inline-block;\">\n\t<i class=\"Defaults-cogs gears\"><\/i>\n<\/div><\/div><\/div><\/div><div class=\"stats-desc\" id=\"counter-responsv-wrap-3179\"><div id=\"counter_206711719569eb3e8d1b9fa\" data-id=\"counter_206711719569eb3e8d1b9fa\"  data-ultimate-target='#counter-responsv-wrap-3179 .stats-number'  data-responsive-json-new='{\"font-size\":\"desktop:48px;\",\"line-height\":\"\"}'  class=\"stats-number ult-responsive\" style=\" color:#777777; font-weight:bold;color:#333333;\" data-speed=\"3\" data-counter-value=\"35896\" data-separator=\".\" data-decimal=\",\">0<\/div><div counter-responsv-wrap-3179  data-ultimate-target='#counter-responsv-wrap-3179 .stats-text'  data-responsive-json-new='{\"font-size\":\"\",\"line-height\":\"\"}'  class=\"stats-text ult-responsive\" style=\"font-size:18px; color:#777777; \">Zeichnungen von Rollerh\u00fclsen und \u00fcbrigen Ersatzteilen<\/div><\/div><\/div>[\/vc_column][vc_column width=&#8220;1\/4&#8243;]<div class=\"stats-block stats-top \"><div class=\"aio-icon-top\"><div class=\"ult-just-icon-wrapper \"><div class=\"align-icon\" style=\"text-align:center;\">\n<div class=\"aio-icon none \"  style=\"color:#ff001b;font-size:48px;display:inline-block;\">\n\t<i class=\"Defaults-flag\"><\/i>\n<\/div><\/div><\/div><\/div><div class=\"stats-desc\" id=\"counter-responsv-wrap-5733\"><div id=\"counter_54483421469eb3e8d1ba87\" data-id=\"counter_54483421469eb3e8d1ba87\"  data-ultimate-target='#counter-responsv-wrap-5733 .stats-number'  data-responsive-json-new='{\"font-size\":\"desktop:48px;\",\"line-height\":\"\"}'  class=\"stats-number ult-responsive\" style=\" color:#777777; font-weight:bold;color:#333333;\" data-speed=\"3\" data-counter-value=\"13\" data-separator=\".\" data-decimal=\",\">0<\/div><div counter-responsv-wrap-5733  data-ultimate-target='#counter-responsv-wrap-5733 .stats-text'  data-responsive-json-new='{\"font-size\":\"\",\"line-height\":\"\"}'  class=\"stats-text ult-responsive\" style=\"font-size:18px; color:#777777; \">Sprachen die unser Personal spricht<\/div><\/div><\/div>[\/vc_column][vc_column width=&#8220;1\/4&#8243;]<div class=\"stats-block stats-top \"><div class=\"aio-icon-top\"><div class=\"ult-just-icon-wrapper \"><div class=\"align-icon\" style=\"text-align:center;\">\n<div class=\"aio-icon none \"  style=\"color:#ff001b;font-size:48px;display:inline-block;\">\n\t<i class=\"Defaults-map-marker\"><\/i>\n<\/div><\/div><\/div><\/div><div class=\"stats-desc\" id=\"counter-responsv-wrap-3268\"><div id=\"counter_167341803869eb3e8d1bb0a\" data-id=\"counter_167341803869eb3e8d1bb0a\"  data-ultimate-target='#counter-responsv-wrap-3268 .stats-number'  data-responsive-json-new='{\"font-size\":\"desktop:48px;\",\"line-height\":\"\"}'  class=\"stats-number ult-responsive\" style=\" color:#777777; font-weight:bold;color:#333333;\" data-speed=\"3\" data-counter-value=\"70\" data-separator=\".\" data-decimal=\",\">0<\/div><div counter-responsv-wrap-3268  data-ultimate-target='#counter-responsv-wrap-3268 .stats-text'  data-responsive-json-new='{\"font-size\":\"\",\"line-height\":\"\"}'  class=\"stats-text ult-responsive\" style=\"font-size:18px; color:#777777; \">Mehr als 70 L\u00e4nder mit unseren Referenzen<\/div><\/div><\/div>[\/vc_column][\/vc_row]<\/p>\n","protected":false},"excerpt":{"rendered":"<p>[vc_row][vc_column width=&#8220;1\/2&#8243;][vc_custom_heading text=&#8220;Willkommen bei General Dies&#8220; google_fonts=&#8220;font_family:Open%20Sans%3A300%2C300italic%2Cregular%2Citalic%2C600%2C600italic%2C700%2C700italic%2C800%2C800italic|font_style:400%20regular%3A400%3Anormal&#8220; el_class=&#8220;section-heading&#8220;][vc_column_text]Seit 1960 entwerfen und herstellen wir Ersatzteilen f\u00fcr alle Pelletierpressen auf dem Markt (Matrizen, komplette Kollerrollen, Kollerh\u00fclsen und weitere Ersatzteilen) und seit 1962 herstellen wir selbst Pelletierpressen und weitere Maschinen f\u00fcr Pelletierlinien. Seit 1970 produzieren wir komplette Pelletieranlagen. Die Firma wurde von Ingenieur Ettore Meneghello gegr\u00fcndet, als die [&hellip;]<\/p>\n","protected":false},"author":1,"featured_media":8645,"parent":0,"menu_order":4,"comment_status":"closed","ping_status":"closed","template":"","meta":{"_mi_skip_tracking":false},"acf":{"barra_cta":false},"yoast_head":"<!-- This site is optimized with the Yoast SEO plugin v16.4 - https:\/\/yoast.com\/wordpress\/plugins\/seo\/ -->\n<title>Wer wir sind und was wir machen - General Dies<\/title>\n<meta name=\"description\" content=\"Wir entw\u00fcrfen und herstellen Ersatzteilen f\u00fcr alle Pelletierm\u00fchle auf dem Market, f\u00fcr Maschinen von Pelletierlinien und komplette Anlagen.\" \/>\n<meta name=\"robots\" content=\"index, follow, max-snippet:-1, max-image-preview:large, max-video-preview:-1\" \/>\n<link rel=\"canonical\" href=\"https:\/\/www.generaldies.com\/de\/ueber-uns\/\" \/>\n<meta property=\"og:locale\" content=\"de_DE\" \/>\n<meta property=\"og:type\" content=\"article\" \/>\n<meta property=\"og:title\" content=\"Wer wir sind und was wir machen - General Dies\" \/>\n<meta property=\"og:description\" content=\"Wir entw\u00fcrfen und herstellen Ersatzteilen f\u00fcr alle Pelletierm\u00fchle auf dem Market, f\u00fcr Maschinen von Pelletierlinien und komplette Anlagen.\" \/>\n<meta property=\"og:url\" content=\"https:\/\/www.generaldies.com\/de\/ueber-uns\/\" \/>\n<meta property=\"og:site_name\" content=\"General Dies\" \/>\n<meta property=\"article:modified_time\" content=\"2019-07-03T15:00:35+00:00\" \/>\n<meta property=\"og:image\" content=\"https:\/\/www.generaldies.com\/wp-content\/uploads\/2017\/02\/azienda.jpg\" \/>\n\t<meta property=\"og:image:width\" content=\"1462\" \/>\n\t<meta property=\"og:image:height\" content=\"350\" \/>\n<meta name=\"twitter:card\" content=\"summary\" \/>\n<meta name=\"twitter:label1\" content=\"Gesch\u00e4tzte Lesezeit\" \/>\n\t<meta name=\"twitter:data1\" content=\"4\u00a0Minuten\" \/>\n<script type=\"application\/ld+json\" class=\"yoast-schema-graph\">{\"@context\":\"https:\/\/schema.org\",\"@graph\":[{\"@type\":\"WebSite\",\"@id\":\"https:\/\/www.generaldies.com\/it\/#website\",\"url\":\"https:\/\/www.generaldies.com\/it\/\",\"name\":\"General Dies\",\"description\":\"Dal 1960 al servizio della pellettatura\",\"potentialAction\":[{\"@type\":\"SearchAction\",\"target\":\"https:\/\/www.generaldies.com\/it\/?s={search_term_string}\",\"query-input\":\"required name=search_term_string\"}],\"inLanguage\":\"de\"},{\"@type\":\"ImageObject\",\"@id\":\"https:\/\/www.generaldies.com\/de\/ueber-uns\/#primaryimage\",\"inLanguage\":\"de\",\"url\":\"https:\/\/www.generaldies.com\/wp-content\/uploads\/2023\/08\/1-scaled-e1693216254370.jpg\",\"contentUrl\":\"https:\/\/www.generaldies.com\/wp-content\/uploads\/2023\/08\/1-scaled-e1693216254370.jpg\",\"width\":2560,\"height\":1707},{\"@type\":\"WebPage\",\"@id\":\"https:\/\/www.generaldies.com\/de\/ueber-uns\/#webpage\",\"url\":\"https:\/\/www.generaldies.com\/de\/ueber-uns\/\",\"name\":\"Wer wir sind und was wir machen - General Dies\",\"isPartOf\":{\"@id\":\"https:\/\/www.generaldies.com\/it\/#website\"},\"primaryImageOfPage\":{\"@id\":\"https:\/\/www.generaldies.com\/de\/ueber-uns\/#primaryimage\"},\"datePublished\":\"2017-06-13T13:12:30+00:00\",\"dateModified\":\"2019-07-03T15:00:35+00:00\",\"description\":\"Wir entw\\u00fcrfen und herstellen Ersatzteilen f\\u00fcr alle Pelletierm\\u00fchle auf dem Market, f\\u00fcr Maschinen von Pelletierlinien und komplette Anlagen.\",\"breadcrumb\":{\"@id\":\"https:\/\/www.generaldies.com\/de\/ueber-uns\/#breadcrumb\"},\"inLanguage\":\"de\",\"potentialAction\":[{\"@type\":\"ReadAction\",\"target\":[\"https:\/\/www.generaldies.com\/de\/ueber-uns\/\"]}]},{\"@type\":\"BreadcrumbList\",\"@id\":\"https:\/\/www.generaldies.com\/de\/ueber-uns\/#breadcrumb\",\"itemListElement\":[{\"@type\":\"ListItem\",\"position\":1,\"item\":{\"@type\":\"WebPage\",\"@id\":\"https:\/\/www.generaldies.com\/de\/\",\"url\":\"https:\/\/www.generaldies.com\/de\/\",\"name\":\"Home\"}},{\"@type\":\"ListItem\",\"position\":2,\"item\":{\"@id\":\"https:\/\/www.generaldies.com\/de\/ueber-uns\/#webpage\"}}]}]}<\/script>\n<!-- \/ Yoast SEO plugin. -->","_links":{"self":[{"href":"https:\/\/www.generaldies.com\/de\/wp-json\/wp\/v2\/pages\/6867"}],"collection":[{"href":"https:\/\/www.generaldies.com\/de\/wp-json\/wp\/v2\/pages"}],"about":[{"href":"https:\/\/www.generaldies.com\/de\/wp-json\/wp\/v2\/types\/page"}],"author":[{"embeddable":true,"href":"https:\/\/www.generaldies.com\/de\/wp-json\/wp\/v2\/users\/1"}],"replies":[{"embeddable":true,"href":"https:\/\/www.generaldies.com\/de\/wp-json\/wp\/v2\/comments?post=6867"}],"version-history":[{"count":33,"href":"https:\/\/www.generaldies.com\/de\/wp-json\/wp\/v2\/pages\/6867\/revisions"}],"predecessor-version":[{"id":8204,"href":"https:\/\/www.generaldies.com\/de\/wp-json\/wp\/v2\/pages\/6867\/revisions\/8204"}],"wp:featuredmedia":[{"embeddable":true,"href":"https:\/\/www.generaldies.com\/de\/wp-json\/wp\/v2\/media\/8645"}],"wp:attachment":[{"href":"https:\/\/www.generaldies.com\/de\/wp-json\/wp\/v2\/media?parent=6867"}],"curies":[{"name":"wp","href":"https:\/\/api.w.org\/{rel}","templated":true}]}}